{"id":1150,"date":"2017-11-02T20:24:50","date_gmt":"2017-11-03T00:24:50","guid":{"rendered":"http:\/\/cvis3.cebem.org\/?page_id=1150"},"modified":"2017-11-03T10:37:19","modified_gmt":"2017-11-03T14:37:19","slug":"miembros","status":"publish","type":"page","link":"https:\/\/cvis3.cebem.org\/?page_id=1150","title":{"rendered":"Miembros"},"content":{"rendered":"<p>La\u00a0base estar\u00e1 constituida en principio por instituciones, pero tambi\u00e9n lo integrar\u00e1n personas, que ejecutan proyectos y que encuentran en el Centro el apoyo necesario.<\/p>\n<p>Su adhesi\u00f3n ser\u00e1 aceptada en funci\u00f3n de las condiciones de los miembros y de las caracter\u00edsticas de los programas o proyectos.<\/p>\n<p>Miembros asociados contribuir\u00e1n a que el Centro, desde su fase piloto, resalte la calidad y excelencia de los proyectos y experiencias.<\/p>\n<h4><strong>Aliados institucionales<\/strong><\/h4>\n<p>En Centro convocar\u00e1 a\u00a0instituciones y expertos locales de la Regi\u00f3n o de fuera de ella que aporten con diferentes tipos de recursos en la construcci\u00f3n de alianzas, di\u00e1logos, herramientas, experiencias y pr\u00e1cticas.\u00a0\u00a0Pueden ser importantes en la construcci\u00f3n de comunidades en que se dialogue entre conocimientos de experto con saberes locales.<\/p>\n<p>Organismos p\u00fablicos, de la cooperaci\u00f3n, otras instituciones que faciliten la triangulaci\u00f3n\u00a0 de la cooperaci\u00f3n sur \u2013 sur.<\/p>\n","protected":false},"excerpt":{"rendered":"<p>La\u00a0base estar\u00e1 constituida en principio por instituciones, pero tambi\u00e9n lo integrar\u00e1n personas, que ejecutan proyectos y que encuentran en el Centro el apoyo necesario. Su adhesi\u00f3n ser\u00e1 aceptada en funci\u00f3n de las condiciones de los miembros y de las caracter\u00edsticas de los programas o proyectos. Miembros asociados contribuir\u00e1n a que\u2026<\/p>\n<p> <a class=\"continue-reading-link\" href=\"https:\/\/cvis3.cebem.org\/?page_id=1150\"><span>Continuar leyendo<\/span><i class=\"crycon-right-dir\"><\/i><\/a> <\/p>\n","protected":false},"author":5,"featured_media":0,"parent":55,"menu_order":0,"comment_status":"closed","ping_status":"closed","template":"","meta":[],"jetpack_sharing_enabled":true,"jetpack-related-posts":[],"_links":{"self":[{"href":"https:\/\/cvis3.cebem.org\/index.php?rest_route=\/wp\/v2\/pages\/1150"}],"collection":[{"href":"https:\/\/cvis3.cebem.org\/index.php?rest_route=\/wp\/v2\/pages"}],"about":[{"href":"https:\/\/cvis3.cebem.org\/index.php?rest_route=\/wp\/v2\/types\/page"}],"author":[{"embeddable":true,"href":"https:\/\/cvis3.cebem.org\/index.php?rest_route=\/wp\/v2\/users\/5"}],"replies":[{"embeddable":true,"href":"https:\/\/cvis3.cebem.org\/index.php?rest_route=%2Fwp%2Fv2%2Fcomments&post=1150"}],"version-history":[{"count":1,"href":"https:\/\/cvis3.cebem.org\/index.php?rest_route=\/wp\/v2\/pages\/1150\/revisions"}],"predecessor-version":[{"id":1151,"href":"https:\/\/cvis3.cebem.org\/index.php?rest_route=\/wp\/v2\/pages\/1150\/revisions\/1151"}],"up":[{"embeddable":true,"href":"https:\/\/cvis3.cebem.org\/index.php?rest_route=\/wp\/v2\/pages\/55"}],"wp:attachment":[{"href":"https:\/\/cvis3.cebem.org\/index.php?rest_route=%2Fwp%2Fv2%2Fmedia&parent=1150"}],"curies":[{"name":"wp","href":"https:\/\/api.w.org\/{rel}","templated":true}]}}