{"id":119,"date":"2016-08-05T13:31:25","date_gmt":"2016-08-05T17:31:25","guid":{"rendered":"http:\/\/cvis3.cebem.org\/?page_id=119"},"modified":"2018-03-09T22:11:14","modified_gmt":"2018-03-10T02:11:14","slug":"consultanos","status":"publish","type":"page","link":"https:\/\/cvis3.cebem.org\/?page_id=119","title":{"rendered":"Cons\u00faltanos"},"content":{"rendered":"<p>\u00c9ste es tu apartado. Env\u00edanos tus comentarios, cr\u00edticas y sugerencias para que d\u00eda a d\u00eda el sitio se adapte m\u00e1s a ti.<\/p>\n<div id='contact-form-119'>\n<form action='https:\/\/cvis3.cebem.org\/?page_id=119#contact-form-119' method='post' class='contact-form commentsblock'>\n<script>\n\t\t\t( function () {\n\t\t\t\tconst contact_forms = document.getElementsByClassName('contact-form');\n\n\t\t\t\tfor ( const form of contact_forms ) {\n\t\t\t\t\tform.onsubmit = function() {\n\t\t\t\t\t\tconst buttons = form.getElementsByTagName('button');\n\n\t\t\t\t\t\tfor( const button of buttons ) {\n\t\t\t\t\t\t\tbutton.setAttribute('disabled', true);\n\t\t\t\t\t\t}\n\t\t\t\t\t}\n\t\t\t\t}\n\t\t\t} )();\n\t\t<\/script>\n<div class='grunion-field-wrap grunion-field-name-wrap'  >\n<label\n\t\t\t\tfor='g119-nombre'\n\t\t\t\tclass='grunion-field-label name'\n\t\t\t\t>Nombre<span>(obligatorio)<\/span><\/label>\n<input\n\t\t\t\t\ttype='text'\n\t\t\t\t\tname='g119-nombre'\n\t\t\t\t\tid='g119-nombre'\n\t\t\t\t\tvalue=''\n\t\t\t\t\tclass='name' \n\t\t\t\t\trequired aria-required='true'\n\t\t\t\t\/>\n\t<\/div>\n\n<div class='grunion-field-wrap grunion-field-email-wrap'  >\n<label\n\t\t\t\tfor='g119-correoelectrnico'\n\t\t\t\tclass='grunion-field-label email'\n\t\t\t\t>Correo electr\u00f3nico<span>(obligatorio)<\/span><\/label>\n<input\n\t\t\t\t\ttype='email'\n\t\t\t\t\tname='g119-correoelectrnico'\n\t\t\t\t\tid='g119-correoelectrnico'\n\t\t\t\t\tvalue=''\n\t\t\t\t\tclass='email' \n\t\t\t\t\trequired aria-required='true'\n\t\t\t\t\/>\n\t<\/div>\n\n<div class='grunion-field-wrap grunion-field-text-wrap'  >\n<label\n\t\t\t\tfor='g119-asunto'\n\t\t\t\tclass='grunion-field-label text'\n\t\t\t\t>Asunto<span>(obligatorio)<\/span><\/label>\n<input\n\t\t\t\t\ttype='text'\n\t\t\t\t\tname='g119-asunto'\n\t\t\t\t\tid='g119-asunto'\n\t\t\t\t\tvalue=''\n\t\t\t\t\tclass='text' \n\t\t\t\t\trequired aria-required='true'\n\t\t\t\t\/>\n\t<\/div>\n\n<div class='grunion-field-wrap grunion-field-textarea-wrap'  >\n<label\n\t\t\t\tfor='contact-form-comment-g119-comentario'\n\t\t\t\tclass='grunion-field-label textarea'\n\t\t\t\t>Comentario<span>(obligatorio)<\/span><\/label>\n<textarea\n\t\t                name='g119-comentario'\n\t\t                id='contact-form-comment-g119-comentario'\n\t\t                rows='20' class='textarea'  required aria-required='true'><\/textarea>\n\t<\/div>\n\t<p class='contact-submit'>\n\t\t<button type='submit' class='pushbutton-wide'>Enviar<\/button>\t\t<input type='hidden' name='contact-form-id' value='119' \/>\n\t\t<input type='hidden' name='action' value='grunion-contact-form' \/>\n\t\t<input type='hidden' name='contact-form-hash' value='77f648eb3dccd801cd2159c3382917ca11f37d30' \/>\n\t<\/p>\n<\/form>\n<\/div>\n<h3>\u00bfD\u00f3nde estamos?<\/h3>\n<p style=\"text-align: center;\"><iframe loading=\"lazy\" src=\"https:\/\/www.google.com\/maps\/d\/embed?mid=1hgDK66fw1KbCWvksTp9idh6bQQU&amp;hl=es\" width=\"640\" height=\"480\"><\/iframe><\/p>\n","protected":false},"excerpt":{"rendered":"<p>\u00c9ste es tu apartado. Env\u00edanos tus comentarios, cr\u00edticas y sugerencias para que d\u00eda a d\u00eda el sitio se adapte m\u00e1s a ti. \u00bfD\u00f3nde estamos?<\/p>\n<p> <a class=\"continue-reading-link\" href=\"https:\/\/cvis3.cebem.org\/?page_id=119\"><span>Continuar leyendo<\/span><i class=\"crycon-right-dir\"><\/i><\/a> <\/p>\n","protected":false},"author":1,"featured_media":0,"parent":0,"menu_order":8,"comment_status":"closed","ping_status":"closed","template":"","meta":[],"jetpack_sharing_enabled":false,"jetpack-related-posts":[],"_links":{"self":[{"href":"https:\/\/cvis3.cebem.org\/index.php?rest_route=\/wp\/v2\/pages\/119"}],"collection":[{"href":"https:\/\/cvis3.cebem.org\/index.php?rest_route=\/wp\/v2\/pages"}],"about":[{"href":"https:\/\/cvis3.cebem.org\/index.php?rest_route=\/wp\/v2\/types\/page"}],"author":[{"embeddable":true,"href":"https:\/\/cvis3.cebem.org\/index.php?rest_route=\/wp\/v2\/users\/1"}],"replies":[{"embeddable":true,"href":"https:\/\/cvis3.cebem.org\/index.php?rest_route=%2Fwp%2Fv2%2Fcomments&post=119"}],"version-history":[{"count":9,"href":"https:\/\/cvis3.cebem.org\/index.php?rest_route=\/wp\/v2\/pages\/119\/revisions"}],"predecessor-version":[{"id":1404,"href":"https:\/\/cvis3.cebem.org\/index.php?rest_route=\/wp\/v2\/pages\/119\/revisions\/1404"}],"wp:attachment":[{"href":"https:\/\/cvis3.cebem.org\/index.php?rest_route=%2Fwp%2Fv2%2Fmedia&parent=119"}],"curies":[{"name":"wp","href":"https:\/\/api.w.org\/{rel}","templated":true}]}}