{"id":1239,"date":"2017-12-14T18:37:56","date_gmt":"2017-12-14T22:37:56","guid":{"rendered":"http:\/\/cvis3.cebem.org\/?page_id=1239"},"modified":"2018-05-28T12:23:20","modified_gmt":"2018-05-28T16:23:20","slug":"proyecto-primer-intercambio-virtual-comunidad-y-futuros-para-el-desarrollo-territorial-experiencias-y-herramientas-para-la-toma-de-decisiones","status":"publish","type":"page","link":"https:\/\/cvis3.cebem.org\/?page_id=1239","title":{"rendered":"Proyecto: Primer Intercambio Virtual: Comunidad y Futuros para el Desarrollo Territorial: Experiencias y Herramientas para la Toma de Decisiones"},"content":{"rendered":"<p><a href=\"https:\/\/i0.wp.com\/cvis3.cebem.org\/wp-content\/uploads\/2017\/11\/primer-intercambio-virtual.jpg?ssl=1\"><img data-attachment-id=\"1183\" data-permalink=\"https:\/\/cvis3.cebem.org\/?attachment_id=1183\" data-orig-file=\"https:\/\/i0.wp.com\/cvis3.cebem.org\/wp-content\/uploads\/2017\/11\/primer-intercambio-virtual.jpg?fit=1024%2C710&amp;ssl=1\" data-orig-size=\"1024,710\" data-comments-opened=\"1\" data-image-meta=\"{&quot;aperture&quot;:&quot;0&quot;,&quot;credit&quot;:&quot;&quot;,&quot;camera&quot;:&quot;&quot;,&quot;caption&quot;:&quot;&quot;,&quot;created_timestamp&quot;:&quot;0&quot;,&quot;copyright&quot;:&quot;&quot;,&quot;focal_length&quot;:&quot;0&quot;,&quot;iso&quot;:&quot;0&quot;,&quot;shutter_speed&quot;:&quot;0&quot;,&quot;title&quot;:&quot;&quot;,&quot;orientation&quot;:&quot;0&quot;}\" data-image-title=\"primer-intercambio-virtual\" data-image-description=\"\" data-image-caption=\"\" data-medium-file=\"https:\/\/i0.wp.com\/cvis3.cebem.org\/wp-content\/uploads\/2017\/11\/primer-intercambio-virtual.jpg?fit=300%2C208&amp;ssl=1\" data-large-file=\"https:\/\/i0.wp.com\/cvis3.cebem.org\/wp-content\/uploads\/2017\/11\/primer-intercambio-virtual.jpg?fit=900%2C624&amp;ssl=1\" loading=\"lazy\" class=\"aligncenter wp-image-1183\" src=\"https:\/\/i0.wp.com\/cvis3.cebem.org\/wp-content\/uploads\/2017\/11\/primer-intercambio-virtual.jpg?resize=400%2C277&#038;ssl=1\" alt=\"\" width=\"400\" height=\"277\" srcset=\"https:\/\/i0.wp.com\/cvis3.cebem.org\/wp-content\/uploads\/2017\/11\/primer-intercambio-virtual.jpg?resize=300%2C208&amp;ssl=1 300w, https:\/\/i0.wp.com\/cvis3.cebem.org\/wp-content\/uploads\/2017\/11\/primer-intercambio-virtual.jpg?resize=768%2C533&amp;ssl=1 768w, https:\/\/i0.wp.com\/cvis3.cebem.org\/wp-content\/uploads\/2017\/11\/primer-intercambio-virtual.jpg?w=1024&amp;ssl=1 1024w, https:\/\/i0.wp.com\/cvis3.cebem.org\/wp-content\/uploads\/2017\/11\/primer-intercambio-virtual.jpg?resize=600%2C416&amp;ssl=1 600w, https:\/\/i0.wp.com\/cvis3.cebem.org\/wp-content\/uploads\/2017\/11\/primer-intercambio-virtual.jpg?resize=150%2C104&amp;ssl=1 150w\" sizes=\"(max-width: 400px) 100vw, 400px\" data-recalc-dims=\"1\" \/><\/a>Este intercambio se llevo a cabo del <strong>27 de noviembre al 24 de diciembre de 2017<\/strong>, su objetivo principal es el de generar un espacio de intercambio y vinculaci\u00f3n intersectorial en torno al desarrollo territorial basado en la construcci\u00f3n de comunidad y el largo plazo.<\/p>\n<p>Y adem\u00e1s:<\/p>\n<ul>\n<li>Reconocer experiencias locales\/regionales sobre las alternativas aplicadas para el desarrollo territorial.<\/li>\n<li>Reflexionar sobre la construcci\u00f3n de comunidad y cooperaci\u00f3n como parte esencial del desarrollo territorial.<\/li>\n<li>Intercambiar herramientas prospectivas o de largo plazo y toma de decisiones para el fortalecimiento de comunidad y desarrollo territorial.<\/li>\n<li>Debatir sobre los posibles futuros, grandes tendencias, incertidumbres y oportunidades que configurar\u00e1n los territorios las pr\u00f3ximas d\u00e9cadas.<\/li>\n<\/ul>\n<h4>Listado de Experiencias <a href=\"https:\/\/cvis3.cebem.org\/wp-content\/uploads\/2018\/05\/LISTA-EXPERIENCIAS-Primer_Intercambio_Virtual.pdf\" target=\"_blank\" rel=\"noopener\">DESCARGAR<\/a><\/h4>\n<h4>Listado de Instituciones <a href=\"https:\/\/cvis3.cebem.org\/wp-content\/uploads\/2018\/05\/LISTADO-INSTITUCIONES-primer-intercambio-virtual.pdf\" target=\"_blank\" rel=\"noopener\">DESCARGAR<\/a><\/h4>\n<h4><strong>Cronograma y contenidos<\/strong><\/h4>\n<ul>\n<li><strong>Semana 1. <\/strong>Compartiremos conocimientos\u00a0sobre desarrollo territorial y aprendemos\u00a0de las experiencias\u00a0<em>\u00bfQui\u00e9nes somos y qu\u00e9 hacemos?<\/em><\/li>\n<li><strong>Semana 2.<\/strong> Reflexionaremos sobre la construcci\u00f3n de comunidad\u00a0como parte esencial\u00a0del\u00a0desarrollo territorial.\u00a0<em>\u00bfPor\u00a0y\u00a0para qu\u00e9\u00a0lo hacemos?<\/em><\/li>\n<li><strong>Semana 3. <\/strong>Intercambiaremos herramientas\u00a0prospectivas o de\u00a0largo\u00a0plazo\u00a0y toma de decisiones\u00a0para\u00a0el fortalecimiento de\u00a0comunidad\u00a0y\u00a0del\u00a0desarrollo territorial.\u00a0<em>\u00bfC\u00f3mo lo\u00a0hemos\u00a0hecho, lo\u00a0hacemos\u00a0y lo haremos?<\/em><\/li>\n<li><strong>Semana 4. <\/strong>Debatiremos sobre futuros, tendencias, incertidumbres y oportunidades que configurar\u00e1n los territorios\u00a0 las pr\u00f3ximas d\u00e9cadas.\u00a0<em>\u00bfQu\u00e9\u00a0pasar\u00e1 y qu\u00e9 podemos hacer?<\/em><\/li>\n<\/ul>\n<h4><strong>Facilitadores<\/strong><\/h4>\n<ul>\n<li>Fabiola\u00a0Manyari\u00a0L\u00f3pez Bracamonte<\/li>\n<li>Jes\u00fas De la Rocha Illanes<\/li>\n<\/ul>\n<h4><strong>Red de Participantes y Actividades<\/strong><\/h4>\n<p>En este mapa podremos ubicar el pa\u00eds y la regi\u00f3n de quienes participaron en este Primer Intercambio Virtual. Cada punto representa a un participante y al presionar sobre \u00e9l se despliega la informaci\u00f3n que nos ha compartido sobre sus actividades actuales, los beneficios obtenidos y las acciones de divulgaci\u00f3n. Tambi\u00e9n se puede acercar o alejar el cursor para ver con mayor precisi\u00f3n la ubicaci\u00f3n del participante. <a href=\"https:\/\/www.google.com\/maps\/d\/u\/0\/viewer?mid=1ux3ZfGQ-lfWcRICCYkw8RpcFFwe2-2R7&amp;ll=1.8866117402382696%2C-48.06587019999995&amp;z=3\" target=\"_blank\" rel=\"noopener\"><strong>VER MAPA<\/strong><\/a><\/p>\n<h4><strong>Sistematizaciones<\/strong><\/h4>\n<ul>\n<li>Sistematizaci\u00f3n primera semana, <a href=\"https:\/\/cvis3.cebem.org\/wp-content\/uploads\/2018\/02\/Sistematizaci\u00f3n-Semana-1.pdf\" target=\"_blank\" rel=\"noopener\">Descargar en PDF<\/a><\/li>\n<li>Sistematizaci\u00f3n segunda semana, <a href=\"https:\/\/cvis3.cebem.org\/wp-content\/uploads\/2018\/02\/Sistematizaci\u00f3n-semana-2.pdf\" target=\"_blank\" rel=\"noopener\">Descargar en PDF<\/a><\/li>\n<li>Sistematizaci\u00f3n tercera semana, <a href=\"https:\/\/cvis3.cebem.org\/wp-content\/uploads\/2018\/02\/sistematizacion-3.pdf\" target=\"_blank\" rel=\"noopener\">Descargar en PDF<\/a><\/li>\n<li>Sistematizaci\u00f3n cuarta semana, <a href=\"https:\/\/cvis3.cebem.org\/wp-content\/uploads\/2018\/02\/sistematizacion-4.pdf\">Descargar en PDF<\/a><\/li>\n<li>Sistematizaci\u00f3n Final,\u00a0<a href=\"https:\/\/cvis3.cebem.org\/wp-content\/uploads\/2018\/02\/sistematizacion-final-intercambio-virtual.pdf\" target=\"_blank\" rel=\"noopener\">Descargar en PDF<\/a><\/li>\n<\/ul>\n","protected":false},"excerpt":{"rendered":"<p>Este intercambio se llevo a cabo del 27 de noviembre al 24 de diciembre de 2017, su objetivo principal es el de generar un espacio de intercambio y vinculaci\u00f3n intersectorial en torno al desarrollo territorial basado en la construcci\u00f3n de comunidad y el largo plazo. Y adem\u00e1s: Reconocer experiencias locales\/regionales\u2026<\/p>\n<p> <a class=\"continue-reading-link\" href=\"https:\/\/cvis3.cebem.org\/?page_id=1239\"><span>Continuar leyendo<\/span><i class=\"crycon-right-dir\"><\/i><\/a> <\/p>\n","protected":false},"author":1,"featured_media":1183,"parent":0,"menu_order":0,"comment_status":"closed","ping_status":"closed","template":"","meta":[],"jetpack_sharing_enabled":true,"jetpack-related-posts":[],"_links":{"self":[{"href":"https:\/\/cvis3.cebem.org\/index.php?rest_route=\/wp\/v2\/pages\/1239"}],"collection":[{"href":"https:\/\/cvis3.cebem.org\/index.php?rest_route=\/wp\/v2\/pages"}],"about":[{"href":"https:\/\/cvis3.cebem.org\/index.php?rest_route=\/wp\/v2\/types\/page"}],"author":[{"embeddable":true,"href":"https:\/\/cvis3.cebem.org\/index.php?rest_route=\/wp\/v2\/users\/1"}],"replies":[{"embeddable":true,"href":"https:\/\/cvis3.cebem.org\/index.php?rest_route=%2Fwp%2Fv2%2Fcomments&post=1239"}],"version-history":[{"count":7,"href":"https:\/\/cvis3.cebem.org\/index.php?rest_route=\/wp\/v2\/pages\/1239\/revisions"}],"predecessor-version":[{"id":1502,"href":"https:\/\/cvis3.cebem.org\/index.php?rest_route=\/wp\/v2\/pages\/1239\/revisions\/1502"}],"wp:featuredmedia":[{"embeddable":true,"href":"https:\/\/cvis3.cebem.org\/index.php?rest_route=\/wp\/v2\/media\/1183"}],"wp:attachment":[{"href":"https:\/\/cvis3.cebem.org\/index.php?rest_route=%2Fwp%2Fv2%2Fmedia&parent=1239"}],"curies":[{"name":"wp","href":"https:\/\/api.w.org\/{rel}","templated":true}]}}