{"id":1480,"date":"2018-05-24T20:13:23","date_gmt":"2018-05-25T00:13:23","guid":{"rendered":"http:\/\/cvis3.cebem.org\/?page_id=1480"},"modified":"2018-06-11T16:57:25","modified_gmt":"2018-06-11T20:57:25","slug":"dossier-sobre-primer-intercambio-virtual-comunidad-y-futuros-para-el-desarrollo-territorial-experiencias-y-herramientas-para-la-toma-de-decisiones","status":"publish","type":"page","link":"https:\/\/cvis3.cebem.org\/?page_id=1480","title":{"rendered":"Dossier sobre Primer intercambio virtual: Comunidad y Futuros para el Desarrollo Territorial: Experiencias y Herramientas para la Toma de Decisiones"},"content":{"rendered":"<p><a href=\"https:\/\/i0.wp.com\/cvis3.cebem.org\/wp-content\/uploads\/2017\/11\/primer-intercambio-virtual.jpg?ssl=1\"><img data-attachment-id=\"1183\" data-permalink=\"https:\/\/cvis3.cebem.org\/?attachment_id=1183\" data-orig-file=\"https:\/\/i0.wp.com\/cvis3.cebem.org\/wp-content\/uploads\/2017\/11\/primer-intercambio-virtual.jpg?fit=1024%2C710&amp;ssl=1\" data-orig-size=\"1024,710\" data-comments-opened=\"1\" data-image-meta=\"{&quot;aperture&quot;:&quot;0&quot;,&quot;credit&quot;:&quot;&quot;,&quot;camera&quot;:&quot;&quot;,&quot;caption&quot;:&quot;&quot;,&quot;created_timestamp&quot;:&quot;0&quot;,&quot;copyright&quot;:&quot;&quot;,&quot;focal_length&quot;:&quot;0&quot;,&quot;iso&quot;:&quot;0&quot;,&quot;shutter_speed&quot;:&quot;0&quot;,&quot;title&quot;:&quot;&quot;,&quot;orientation&quot;:&quot;0&quot;}\" data-image-title=\"primer-intercambio-virtual\" data-image-description=\"\" data-image-caption=\"\" data-medium-file=\"https:\/\/i0.wp.com\/cvis3.cebem.org\/wp-content\/uploads\/2017\/11\/primer-intercambio-virtual.jpg?fit=300%2C208&amp;ssl=1\" data-large-file=\"https:\/\/i0.wp.com\/cvis3.cebem.org\/wp-content\/uploads\/2017\/11\/primer-intercambio-virtual.jpg?fit=900%2C624&amp;ssl=1\" loading=\"lazy\" class=\"aligncenter size-medium wp-image-1183\" src=\"https:\/\/i0.wp.com\/cvis3.cebem.org\/wp-content\/uploads\/2017\/11\/primer-intercambio-virtual.jpg?resize=300%2C208&#038;ssl=1\" alt=\"\" width=\"300\" height=\"208\" srcset=\"https:\/\/i0.wp.com\/cvis3.cebem.org\/wp-content\/uploads\/2017\/11\/primer-intercambio-virtual.jpg?resize=300%2C208&amp;ssl=1 300w, https:\/\/i0.wp.com\/cvis3.cebem.org\/wp-content\/uploads\/2017\/11\/primer-intercambio-virtual.jpg?resize=768%2C533&amp;ssl=1 768w, https:\/\/i0.wp.com\/cvis3.cebem.org\/wp-content\/uploads\/2017\/11\/primer-intercambio-virtual.jpg?w=1024&amp;ssl=1 1024w, https:\/\/i0.wp.com\/cvis3.cebem.org\/wp-content\/uploads\/2017\/11\/primer-intercambio-virtual.jpg?resize=600%2C416&amp;ssl=1 600w, https:\/\/i0.wp.com\/cvis3.cebem.org\/wp-content\/uploads\/2017\/11\/primer-intercambio-virtual.jpg?resize=150%2C104&amp;ssl=1 150w\" sizes=\"(max-width: 300px) 100vw, 300px\" data-recalc-dims=\"1\" \/><\/a>Este intercambio se llevo a cabo del <strong>27 de noviembre al 24 de diciembre de 2017<\/strong>, su objetivo principal es el de generar un espacio de intercambio y vinculaci\u00f3n intersectorial en torno al desarrollo territorial basado en la construcci\u00f3n de comunidad y el largo plazo.<\/p>\n<p>Y adem\u00e1s:<\/p>\n<ul>\n<li>Reconocer experiencias locales\/regionales sobre las alternativas aplicadas para el desarrollo territorial.<\/li>\n<li>Reflexionar sobre la construcci\u00f3n de comunidad y cooperaci\u00f3n como parte esencial del desarrollo territorial.<\/li>\n<li>Intercambiar herramientas prospectivas o de largo plazo y toma de decisiones para el fortalecimiento de comunidad y desarrollo territorial.<\/li>\n<li>Debatir sobre los posibles futuros, grandes tendencias, incertidumbres y oportunidades que configurar\u00e1n los territorios las pr\u00f3ximas d\u00e9cadas.<\/li>\n<\/ul>\n<p>Ahora les presentamos los documentos que fueron utilizados y compartidos en dicho foro:<\/p>\n<ul>\n<li>Listado de Experiencias <a href=\"https:\/\/cvis3.cebem.org\/wp-content\/uploads\/2018\/05\/LISTA-EXPERIENCIAS-Primer_Intercambio_Virtual.pdf\" target=\"_blank\" rel=\"noopener\">DESCARGAR<\/a><\/li>\n<li>Listado de Instituciones <a href=\"https:\/\/cvis3.cebem.org\/wp-content\/uploads\/2018\/05\/LISTADO-INSTITUCIONES-primer-intercambio-virtual.pdf\" target=\"_blank\" rel=\"noopener\">DESCARGAR<\/a><\/li>\n<\/ul>\n<p>&nbsp;<\/p>\n<p><strong>SEMANA 1: Compartimos conocimiento sobre desarrollo territorial y aprendemos de las experiencias.<\/strong><\/p>\n<ul>\n<li><strong>Introducci\u00f3n a la Semana 1<\/strong>, <a href=\"https:\/\/cvis3.cebem.org\/wp-content\/uploads\/2018\/05\/Primer-intercamvio-Semana_1_Introduccion.pdf\" target=\"_blank\" rel=\"noopener\">Descargar en PDF<\/a><\/li>\n<li><strong>El Desarrollo Territorial: Enfoque, Contenido y Pol\u00edticas<\/strong> &#8211; <em>Francisco Alburquerque y Sergio P\u00e9rez Rozzi<\/em>, <a href=\"https:\/\/cvis3.cebem.org\/wp-content\/uploads\/2018\/05\/DESARROLLO-TERRITORIAL.-ENFOQUE-CONTENIDO-Y-POLITICAS.pdf\" target=\"_blank\" rel=\"noopener\">Descargar en PDF<\/a><\/li>\n<li><strong>Diversidad y sentido patrimonial: contribuciones desde la antropolog\u00eda del territorio al estudio de comunidades tradicionales<\/strong> &#8211; <em>Francisco Ther R\u00edos<\/em>, <a href=\"https:\/\/cvis3.cebem.org\/wp-content\/uploads\/2018\/05\/Diversidad-Territorio-y-Sentido-Patrimonial.pdf\" target=\"_blank\" rel=\"noopener\">Descargar en PDF<\/a><\/li>\n<li><strong>Sistematizaci\u00f3n Semana 1<\/strong> &#8211; <a href=\"https:\/\/cvis3.cebem.org\/wp-content\/uploads\/2018\/06\/Sistematizacion-semana-1.pdf\" target=\"_blank\" rel=\"noopener\">Descargar PDF<\/a><\/li>\n<\/ul>\n<p>&nbsp;<\/p>\n<p><strong>SEMANA 2: Construimos comunidad como parte esencial del desarrollo territorial.<\/strong><\/p>\n<ul>\n<li><strong>Sentidos de comunidad y construcci\u00f3n de futuros<\/strong>, <a href=\"https:\/\/cvis3.cebem.org\/wp-content\/uploads\/2018\/06\/SENTIDO-DE-COMUNIDAD-Y-CONSTRUCCI\u00d3N-DE-FUTUROS.pdf\" target=\"_blank\" rel=\"noopener\">Descargar en PDF<\/a><\/li>\n<li><strong>Complejidad, resiliencia y memoria. Aportes para la comprensi\u00f3n de un proceso integral de restauraci\u00f3n ecol\u00f3gica en la Sierra de Santa Martha, Veracruz<\/strong> &#8211; <em>Alejandra Pacheco Mamone y Carlos Augusto Robles Guadarrama<\/em>, <a href=\"https:\/\/cvis3.cebem.org\/wp-content\/uploads\/2018\/06\/ComplejidadResilienciaMemoria_SierraSantaMartha.pdf\" target=\"_blank\" rel=\"noopener\">Descargar PDF<\/a><\/li>\n<li><strong>Componentes del proceso de resiliencia comunitaria: conocimientos culturales, capacidades sociales y estrategias organizativas <\/strong>&#8211; <em>Fabiola Manyari L\u00f3pez Bracamonte y Fernando Lim\u00f3n<\/em>, <a href=\"https:\/\/cvis3.cebem.org\/wp-content\/uploads\/2018\/06\/Componentes-del-proceso-de-resiliencia-comunitaria.pdf\" target=\"_blank\" rel=\"noopener\">Descargar PDF<\/a><\/li>\n<li><strong>Sistematizaci\u00f3n Semana 2<\/strong> &#8211; <a href=\"https:\/\/cvis3.cebem.org\/wp-content\/uploads\/2018\/06\/Sistematizacion-semana-2.pdf\" target=\"_blank\" rel=\"noopener\">Descargar PDF<\/a><\/li>\n<\/ul>\n<p>&nbsp;<\/p>\n<p><strong>SEMANA 3. Intercambiamos herramientas prospectivas o de largo plazo y toma de decisiones para el fortalecimiento de comunidad y desarrollo territorial.<\/strong><\/p>\n<ul>\n<li><strong>Conjunto de documentos sobre Herramientas prospectivas<\/strong>,<em> puede baj\u00e1rselo en formato comprimido ZIP, tama\u00f1o 20Mb,<\/em> <a href=\"https:\/\/cvis3.cebem.org\/wp-content\/uploads\/2018\/06\/herramientas-prospectiva.zip\" target=\"_blank\" rel=\"noopener\">Descargar ARCHIVO<\/a><\/li>\n<li><strong>Sistematizaci\u00f3n Semana 3<\/strong> &#8211; <a href=\"https:\/\/cvis3.cebem.org\/wp-content\/uploads\/2018\/06\/Sistematizacion-semana-3.pdf\" target=\"_blank\" rel=\"noopener\">Descargar PDF<\/a><\/li>\n<\/ul>\n<p>&nbsp;<\/p>\n<p><strong>SEMANA 4. Futuros, tendencias, incertidumbres y oportunidades que configurar\u00e1n los territorios las pr\u00f3ximas d\u00e9cadas. \u00bfQu\u00e9 pasar\u00e1 y qu\u00e9 podemos hacer?<\/strong><\/p>\n<ul>\n<li><strong>Epistemolog\u00eda y etimolog\u00eda de la resiliencia<\/strong> &#8211; <em>Fabiola Manyari L\u00f3pez Bracmaonte y Andrea Venegas Sandoval<\/em>, <a href=\"https:\/\/cvis3.cebem.org\/wp-content\/uploads\/2018\/06\/Apuntes-epistemol\u00f3gicos-sobre-Resiliencia.pdf\" target=\"_blank\" rel=\"noopener\">Descargar PDF<\/a><\/li>\n<li><strong>Resiliencia cultural comunitaria como quehacer pol\u00edtico femenino de las mujeres williche del Chaurakawin (Regi\u00f3n de los Lagos, Chile)<\/strong> &#8211; <em>Michel Duquesnoy<\/em>, <a href=\"https:\/\/cvis3.cebem.org\/wp-content\/uploads\/2018\/06\/Resiliencia-cultural-comunitaria-WILLICHE.pdf\" target=\"_blank\" rel=\"noopener\">Descargar PDF<\/a><\/li>\n<li><strong>Tendencias Globlaes, Seguridad y Resiliencia<\/strong>, <a href=\"https:\/\/cvis3.cebem.org\/wp-content\/uploads\/2018\/06\/Tendencias_Globales_Seguridad_Resiliencia-2017.pdf\">Descargar PDF<\/a><\/li>\n<li><strong>Sistematizaci\u00f3n Semana 4<\/strong> &#8211; <a href=\"https:\/\/cvis3.cebem.org\/wp-content\/uploads\/2018\/06\/Sistematizacion-semana-4.pdf\" target=\"_blank\" rel=\"noopener\">Descargar PDF<\/a><\/li>\n<\/ul>\n<p>&nbsp;<\/p>\n<p><strong>Sistematizaci\u00f3n Final,<\/strong>\u00a0<a href=\"https:\/\/cvis3.cebem.org\/wp-content\/uploads\/2018\/02\/sistematizacion-final-intercambio-virtual.pdf\" target=\"_blank\" rel=\"noopener\">Descargar en PDF<\/a><\/p>\n","protected":false},"excerpt":{"rendered":"<p>Este intercambio se llevo a cabo del 27 de noviembre al 24 de diciembre de 2017, su objetivo principal es el de generar un espacio de intercambio y vinculaci\u00f3n intersectorial en torno al desarrollo territorial basado en la construcci\u00f3n de comunidad y el largo plazo. Y adem\u00e1s: Reconocer experiencias locales\/regionales\u2026<\/p>\n<p> <a class=\"continue-reading-link\" href=\"https:\/\/cvis3.cebem.org\/?page_id=1480\"><span>Continuar leyendo<\/span><i class=\"crycon-right-dir\"><\/i><\/a> <\/p>\n","protected":false},"author":1,"featured_media":1183,"parent":861,"menu_order":0,"comment_status":"closed","ping_status":"closed","template":"","meta":[],"jetpack_sharing_enabled":true,"jetpack-related-posts":[],"_links":{"self":[{"href":"https:\/\/cvis3.cebem.org\/index.php?rest_route=\/wp\/v2\/pages\/1480"}],"collection":[{"href":"https:\/\/cvis3.cebem.org\/index.php?rest_route=\/wp\/v2\/pages"}],"about":[{"href":"https:\/\/cvis3.cebem.org\/index.php?rest_route=\/wp\/v2\/types\/page"}],"author":[{"embeddable":true,"href":"https:\/\/cvis3.cebem.org\/index.php?rest_route=\/wp\/v2\/users\/1"}],"replies":[{"embeddable":true,"href":"https:\/\/cvis3.cebem.org\/index.php?rest_route=%2Fwp%2Fv2%2Fcomments&post=1480"}],"version-history":[{"count":8,"href":"https:\/\/cvis3.cebem.org\/index.php?rest_route=\/wp\/v2\/pages\/1480\/revisions"}],"predecessor-version":[{"id":1559,"href":"https:\/\/cvis3.cebem.org\/index.php?rest_route=\/wp\/v2\/pages\/1480\/revisions\/1559"}],"up":[{"embeddable":true,"href":"https:\/\/cvis3.cebem.org\/index.php?rest_route=\/wp\/v2\/pages\/861"}],"wp:featuredmedia":[{"embeddable":true,"href":"https:\/\/cvis3.cebem.org\/index.php?rest_route=\/wp\/v2\/media\/1183"}],"wp:attachment":[{"href":"https:\/\/cvis3.cebem.org\/index.php?rest_route=%2Fwp%2Fv2%2Fmedia&parent=1480"}],"curies":[{"name":"wp","href":"https:\/\/api.w.org\/{rel}","templated":true}]}}