{"id":1517,"date":"2018-06-04T21:00:32","date_gmt":"2018-06-05T01:00:32","guid":{"rendered":"http:\/\/cvis3.cebem.org\/?page_id=1517"},"modified":"2019-05-07T18:38:20","modified_gmt":"2019-05-07T22:38:20","slug":"dossier-sobre-foro-sobre-turismo-comunitario","status":"publish","type":"page","link":"https:\/\/cvis3.cebem.org\/?page_id=1517","title":{"rendered":"Dossier sobre Foro sobre Turismo Comunitario"},"content":{"rendered":"<p><a href=\"https:\/\/i0.wp.com\/cvis3.cebem.org\/wp-content\/uploads\/2018\/01\/turismo-comunitario-curso.jpg?ssl=1\"><img data-attachment-id=\"1290\" data-permalink=\"https:\/\/cvis3.cebem.org\/?attachment_id=1290\" data-orig-file=\"https:\/\/i0.wp.com\/cvis3.cebem.org\/wp-content\/uploads\/2018\/01\/turismo-comunitario-curso.jpg?fit=1024%2C742&amp;ssl=1\" data-orig-size=\"1024,742\" data-comments-opened=\"1\" data-image-meta=\"{&quot;aperture&quot;:&quot;0&quot;,&quot;credit&quot;:&quot;&quot;,&quot;camera&quot;:&quot;&quot;,&quot;caption&quot;:&quot;&quot;,&quot;created_timestamp&quot;:&quot;0&quot;,&quot;copyright&quot;:&quot;&quot;,&quot;focal_length&quot;:&quot;0&quot;,&quot;iso&quot;:&quot;0&quot;,&quot;shutter_speed&quot;:&quot;0&quot;,&quot;title&quot;:&quot;&quot;,&quot;orientation&quot;:&quot;0&quot;}\" data-image-title=\"turismo-comunitario-curso\" data-image-description=\"\" data-image-caption=\"\" data-medium-file=\"https:\/\/i0.wp.com\/cvis3.cebem.org\/wp-content\/uploads\/2018\/01\/turismo-comunitario-curso.jpg?fit=300%2C217&amp;ssl=1\" data-large-file=\"https:\/\/i0.wp.com\/cvis3.cebem.org\/wp-content\/uploads\/2018\/01\/turismo-comunitario-curso.jpg?fit=900%2C652&amp;ssl=1\" loading=\"lazy\" class=\"aligncenter size-medium wp-image-1290\" src=\"https:\/\/i0.wp.com\/cvis3.cebem.org\/wp-content\/uploads\/2018\/01\/turismo-comunitario-curso.jpg?resize=300%2C217&#038;ssl=1\" alt=\"\" width=\"300\" height=\"217\" srcset=\"https:\/\/i0.wp.com\/cvis3.cebem.org\/wp-content\/uploads\/2018\/01\/turismo-comunitario-curso.jpg?resize=300%2C217&amp;ssl=1 300w, https:\/\/i0.wp.com\/cvis3.cebem.org\/wp-content\/uploads\/2018\/01\/turismo-comunitario-curso.jpg?resize=768%2C557&amp;ssl=1 768w, https:\/\/i0.wp.com\/cvis3.cebem.org\/wp-content\/uploads\/2018\/01\/turismo-comunitario-curso.jpg?w=1024&amp;ssl=1 1024w, https:\/\/i0.wp.com\/cvis3.cebem.org\/wp-content\/uploads\/2018\/01\/turismo-comunitario-curso.jpg?resize=600%2C435&amp;ssl=1 600w, https:\/\/i0.wp.com\/cvis3.cebem.org\/wp-content\/uploads\/2018\/01\/turismo-comunitario-curso.jpg?resize=150%2C109&amp;ssl=1 150w\" sizes=\"(max-width: 300px) 100vw, 300px\" data-recalc-dims=\"1\" \/><\/a>Este foro se llev\u00f3 a cabo del <strong>29 enero al 25 de febrero de 2018<\/strong>, donde el objetivo era compartir experiencias organizadas por comunidades, con o sin el apoyo de amigos o aliados estrat\u00e9gicos, para aprender c\u00f3mo se organiza y administran sus servicios, mostrando al mismo tiempo, c\u00f3mo las culturas locales trascienden sus l\u00edmites territoriales y se proponen como oportunidades de mejorar la vida de los interesados. Se trato el de ofrecer una visi\u00f3n de la multiplicidad de las expresiones de lo cultural en nuestro continente.<\/p>\n<p><strong>Participantes e Instituciones:<\/strong><\/p>\n<ul>\n<li>Listado de Experiencias <a href=\"https:\/\/cvis3.cebem.org\/wp-content\/uploads\/2018\/05\/LISTA-EXPERIENCIAS-Primer_Intercambio_Virtual.pdf\" target=\"_blank\" rel=\"noopener noreferrer\">DESCARGAR<\/a><\/li>\n<li>Listado de Instituciones <a href=\"https:\/\/cvis3.cebem.org\/wp-content\/uploads\/2018\/05\/LISTADO-INSTITUCIONES-primer-intercambio-virtual.pdf\" target=\"_blank\" rel=\"noopener noreferrer\">DESCARGAR<\/a><\/li>\n<\/ul>\n<p>Ahora les presentamos los <strong>documentos<\/strong> que fueron utilizados y compartidos en dicho foro:<\/p>\n<ul>\n<li><strong>PROGRAMA RUTAS: La apuesta por un turismo inclusivo en Latinoam\u00e9rica<\/strong>, <em>Metodolog\u00eda para el fortalecimiento de iniciativas de Turismo Rural Comunitario, Autor\u00eda Fundaci\u00f3n CODESPA.<\/em> <a href=\"https:\/\/cvis3.cebem.org\/wp-content\/uploads\/2018\/06\/RUTAS.pdf\" target=\"_blank\" rel=\"noopener noreferrer\">Descargar en PDF<\/a><\/li>\n<li><strong>Turismo Rural Comunitario y Gobiernos Locales<\/strong>, <em>Proyecto Chipaya, Como desarrollar el municipio tur\u00edstico como un destino, por Jos\u00e9 Blanes CEBEM<\/em> &#8211;\u00a0<a href=\"https:\/\/cvis3.cebem.org\/wp-content\/uploads\/2018\/06\/turismo_rural-chipaya.pdf\" target=\"_blank\" rel=\"noopener noreferrer\">Descargar en PDF<\/a><\/li>\n<li><strong>Documento Grupo WhatsApp de Turismo comunitario<\/strong>, <a href=\"https:\/\/cvis3.cebem.org\/wp-content\/uploads\/2018\/06\/WhatsApp-Turismo_Comunitario.pdf\" target=\"_blank\" rel=\"noopener noreferrer\">Descargar en PDF<\/a><\/li>\n<\/ul>\n<p><strong>UNIDAD 1: Aprendiendo sobre que es turismo comunitario en la diversidad<\/strong><\/p>\n<ul>\n<li><strong>Caso Comunidad de Chiaraque &#8211; La Paz \u00abChiaraque Turismo Responsable\u00bb Muela del Diablo<\/strong>, <em>Jorge Roberto Salinas Camacho<\/em> &#8211; <a href=\"https:\/\/cvis3.cebem.org\/wp-content\/uploads\/2018\/06\/CASO-COMUNIDAD-DE-CHIARAQUE.pdf\" target=\"_blank\" rel=\"noopener noreferrer\">Descargar PDF<\/a><\/li>\n<li><strong>Experiencia del Proyecto de la Ruta del R\u00edo Apere en el Gobierno Municipal de San Ignacio de Mojos (Beni &#8211; Bolivia) 2017<\/strong>, <em>Haydee Villalta Rojas<\/em> &#8211; <a href=\"https:\/\/cvis3.cebem.org\/wp-content\/uploads\/2018\/06\/Experiencia-del-Proyecto-Ruta-del-Rio-Apere.pdf\" target=\"_blank\" rel=\"noopener noreferrer\">Descargar PDF<\/a><\/li>\n<li><strong>Sistematizaci\u00f3n Unidad 1<\/strong> &#8211; <a href=\"https:\/\/cvis3.cebem.org\/wp-content\/uploads\/2018\/06\/Sistematizacion_Tema1-Foro_Turismo_Comunitario.pdf\" target=\"_blank\" rel=\"noopener noreferrer\">Descargar PDF<\/a><\/li>\n<\/ul>\n<p><strong>UNIDAD 2: Aprendiendo sobre c\u00f3mo organizamos en turismo comunitario<\/strong><\/p>\n<ul>\n<li><strong>Pautas desde la experiencia RED TUSOCO para organizarnos en turismo comunitario<\/strong>, <em>por Sandro Saravia<\/em> \u2013 <a href=\"https:\/\/cvis3.cebem.org\/wp-content\/uploads\/2018\/06\/APRENDIENDO-SOBRE-COMO-ORGANIZARNOS-EN-TURISMO-COMUNITARIO.pdf\" target=\"_blank\" rel=\"noopener noreferrer\">Descargar en PDF<\/a><\/li>\n<li><strong>El contexto y enfoque de turismo comunitario de la RED TUSOCO<\/strong>,<em> por Sandro Saravia<\/em> \u2013 <a href=\"https:\/\/cvis3.cebem.org\/wp-content\/uploads\/2018\/06\/Contexto-global-y-desarrollo-del-turismo-solidario-comunitario.pdf\" target=\"_blank\" rel=\"noopener noreferrer\">Descargar en PDF<\/a><\/li>\n<li><strong>Sistematizaci\u00f3n Unidad 2<\/strong> &#8211; <a href=\"https:\/\/cvis3.cebem.org\/wp-content\/uploads\/2018\/06\/Sistematizacion_Tema2-Foro_Turismo_Comunitario.pdf\" target=\"_blank\" rel=\"noopener noreferrer\">Descargar PDF<\/a><\/li>\n<\/ul>\n<p><strong>UNIDAD 3: Nos asociamos para aprender entre nosotros y difundir nuestras ofertas<\/strong><\/p>\n<ul>\n<li><strong>Asociatividad empresarial: estrategia para la competitividad en las pymes del sector tur\u00edstico<\/strong>,<em> por Fern\u00e1ndez, Gladys y Narv\u00e1ez, Mercy<\/em> \u2013 <a href=\"https:\/\/cvis3.cebem.org\/wp-content\/uploads\/2018\/06\/ASOCIATIVIDAD-EN-TURISMO.pdf\" target=\"_blank\" rel=\"noopener noreferrer\">Descargar en PDF<\/a><\/li>\n<li><strong>Cadena de Valor Tur\u00edstica<\/strong>, <em>por Carlos Maldonado<\/em> \u2013 <a href=\"https:\/\/cvis3.cebem.org\/wp-content\/uploads\/2018\/06\/CADENA-DE-VALOR-TURISTICA.pdf\" target=\"_blank\" rel=\"noopener noreferrer\">Descargar en PDF<\/a><\/li>\n<li><strong>Fortaleciendo redes de turismo comunitario, REDTURS en Am\u00e9rica Latina<\/strong>, <em>por Carlos Maldonado<\/em> \u2013 <a href=\"https:\/\/cvis3.cebem.org\/wp-content\/uploads\/2018\/06\/FORTALECIENDO-REDES-DE-TURISMO-COMUNITARIO.pdf\">Descargar en PDF<\/a><\/li>\n<li><strong>Sistematizaci\u00f3n Unidad 3<\/strong> &#8211; <a href=\"https:\/\/cvis3.cebem.org\/wp-content\/uploads\/2018\/06\/Sistematizacion_Tema3-Foro_Turismo_Comunitario.pdf\" target=\"_blank\" rel=\"noopener noreferrer\">Descargar PDF<\/a><\/li>\n<\/ul>\n<p><strong>UNIDAD 4: Construimos una red regional y global<\/strong><\/p>\n<ul>\n<li><strong>Sistematizaci\u00f3n Unidad 4<\/strong> &#8211; <a href=\"https:\/\/cvis3.cebem.org\/wp-content\/uploads\/2018\/06\/Sistematizacion_Tema4-Foro_Turismo_Comunitario.pdf\" target=\"_blank\" rel=\"noopener noreferrer\">Descargar PDF<\/a><\/li>\n<\/ul>\n<p><strong>Sistematizaci\u00f3n Final,<\/strong>\u00a0<a href=\"https:\/\/cvis3.cebem.org\/wp-content\/uploads\/2018\/04\/Sistematizacion_Final-Foro_Turismo_Comunitario.pdf\" target=\"_blank\" rel=\"noopener noreferrer\">Descargar en PDF<\/a><\/p>\n","protected":false},"excerpt":{"rendered":"<p>Este foro se llev\u00f3 a cabo del 29 enero al 25 de febrero de 2018, donde el objetivo era compartir experiencias organizadas por comunidades, con o sin el apoyo de amigos o aliados estrat\u00e9gicos, para aprender c\u00f3mo se organiza y administran sus servicios, mostrando al mismo tiempo, c\u00f3mo las culturas\u2026<\/p>\n<p> <a class=\"continue-reading-link\" href=\"https:\/\/cvis3.cebem.org\/?page_id=1517\"><span>Continuar leyendo<\/span><i class=\"crycon-right-dir\"><\/i><\/a> <\/p>\n","protected":false},"author":1,"featured_media":1290,"parent":861,"menu_order":0,"comment_status":"closed","ping_status":"closed","template":"","meta":[],"jetpack_sharing_enabled":true,"jetpack-related-posts":[],"_links":{"self":[{"href":"https:\/\/cvis3.cebem.org\/index.php?rest_route=\/wp\/v2\/pages\/1517"}],"collection":[{"href":"https:\/\/cvis3.cebem.org\/index.php?rest_route=\/wp\/v2\/pages"}],"about":[{"href":"https:\/\/cvis3.cebem.org\/index.php?rest_route=\/wp\/v2\/types\/page"}],"author":[{"embeddable":true,"href":"https:\/\/cvis3.cebem.org\/index.php?rest_route=\/wp\/v2\/users\/1"}],"replies":[{"embeddable":true,"href":"https:\/\/cvis3.cebem.org\/index.php?rest_route=%2Fwp%2Fv2%2Fcomments&post=1517"}],"version-history":[{"count":8,"href":"https:\/\/cvis3.cebem.org\/index.php?rest_route=\/wp\/v2\/pages\/1517\/revisions"}],"predecessor-version":[{"id":1702,"href":"https:\/\/cvis3.cebem.org\/index.php?rest_route=\/wp\/v2\/pages\/1517\/revisions\/1702"}],"up":[{"embeddable":true,"href":"https:\/\/cvis3.cebem.org\/index.php?rest_route=\/wp\/v2\/pages\/861"}],"wp:featuredmedia":[{"embeddable":true,"href":"https:\/\/cvis3.cebem.org\/index.php?rest_route=\/wp\/v2\/media\/1290"}],"wp:attachment":[{"href":"https:\/\/cvis3.cebem.org\/index.php?rest_route=%2Fwp%2Fv2%2Fmedia&parent=1517"}],"curies":[{"name":"wp","href":"https:\/\/api.w.org\/{rel}","templated":true}]}}