{"id":261,"date":"2016-08-26T16:24:31","date_gmt":"2016-08-26T20:24:31","guid":{"rendered":"http:\/\/cvis3.cebem.org\/?page_id=261"},"modified":"2016-12-19T11:51:22","modified_gmt":"2016-12-19T15:51:22","slug":"jovenes-e-inclusion","status":"publish","type":"page","link":"https:\/\/cvis3.cebem.org\/?page_id=261","title":{"rendered":"Ordenamiento territorial"},"content":{"rendered":"<h2><strong>Ordenamiento territorial<\/strong><\/h2>\n<p>En esta comunidad est\u00e1n interesadas varias instituciones que est\u00e1n llevando a cabo actividades que ameritan un dialogo entre ellas. \u00a0Esta en formaci\u00f3n por lo que en tiempo breve desarrollar\u00e1n un plan de acci\u00f3n conjunto:<\/p>\n<p>Intercambio de documentos<\/p>\n<p>Programaci\u00f3n de actividades de dialogo: foros o blogs<\/p>\n<p>Otras a definir<\/p>\n<p>&nbsp;<\/p>\n","protected":false},"excerpt":{"rendered":"<p>Ordenamiento territorial En esta comunidad est\u00e1n interesadas varias instituciones que est\u00e1n llevando a cabo actividades que ameritan un dialogo entre ellas. \u00a0Esta en formaci\u00f3n por lo que en tiempo breve desarrollar\u00e1n un plan de acci\u00f3n conjunto: Intercambio de documentos Programaci\u00f3n de actividades de dialogo: foros o blogs Otras a definir\u2026<\/p>\n<p> <a class=\"continue-reading-link\" href=\"https:\/\/cvis3.cebem.org\/?page_id=261\"><span>Continuar leyendo<\/span><i class=\"crycon-right-dir\"><\/i><\/a> <\/p>\n","protected":false},"author":3,"featured_media":0,"parent":8,"menu_order":2,"comment_status":"closed","ping_status":"closed","template":"","meta":[],"jetpack_sharing_enabled":false,"jetpack-related-posts":[],"_links":{"self":[{"href":"https:\/\/cvis3.cebem.org\/index.php?rest_route=\/wp\/v2\/pages\/261"}],"collection":[{"href":"https:\/\/cvis3.cebem.org\/index.php?rest_route=\/wp\/v2\/pages"}],"about":[{"href":"https:\/\/cvis3.cebem.org\/index.php?rest_route=\/wp\/v2\/types\/page"}],"author":[{"embeddable":true,"href":"https:\/\/cvis3.cebem.org\/index.php?rest_route=\/wp\/v2\/users\/3"}],"replies":[{"embeddable":true,"href":"https:\/\/cvis3.cebem.org\/index.php?rest_route=%2Fwp%2Fv2%2Fcomments&post=261"}],"version-history":[{"count":6,"href":"https:\/\/cvis3.cebem.org\/index.php?rest_route=\/wp\/v2\/pages\/261\/revisions"}],"predecessor-version":[{"id":899,"href":"https:\/\/cvis3.cebem.org\/index.php?rest_route=\/wp\/v2\/pages\/261\/revisions\/899"}],"up":[{"embeddable":true,"href":"https:\/\/cvis3.cebem.org\/index.php?rest_route=\/wp\/v2\/pages\/8"}],"wp:attachment":[{"href":"https:\/\/cvis3.cebem.org\/index.php?rest_route=%2Fwp%2Fv2%2Fmedia&parent=261"}],"curies":[{"name":"wp","href":"https:\/\/api.w.org\/{rel}","templated":true}]}}