{"id":4,"date":"2016-08-03T19:29:12","date_gmt":"2016-08-03T19:29:12","guid":{"rendered":"http:\/\/cvis3.cebem.org\/?page_id=4"},"modified":"2016-09-27T16:57:05","modified_gmt":"2016-09-27T20:57:05","slug":"quienes-somos","status":"publish","type":"page","link":"https:\/\/cvis3.cebem.org\/?page_id=4","title":{"rendered":"Qui\u00e9nes somos"},"content":{"rendered":"<p>Un conjunto de instituciones que impulsan o dirigen programas y proyectos que se orientan\u00a0 a promover el \u201cdesarrollo humano local, integrado y sostenible, desarrollando sinergias positivas entre los municipios de las ciudades urbanas y rurales para reducir la pobreza en la regi\u00f3n a trav\u00e9s del desarrollo de capacidades productivas de los peque\u00f1os productores primarios y manufactureros en los municipios\u201d<\/p>\n<blockquote>\n<ul>\n<li>Estamos construyendo UN CENTRO VIRTUAL PARA EL INTERCAMBIO DE SABERES SUR-SUR EN DESARROLLO TERRITORIAL PARA AM\u00c9RICA LATINA Y EL CARIBE<\/li>\n<li>Impulsamos la CO CONSTRUCCI\u00d3N COLECTIVA, TOTALMENTE VIRTUAL<\/li>\n<li>Construimos una herramienta abierta y participativa, alimentada por las experiencias COS en la regi\u00f3n.<\/li>\n<\/ul>\n<\/blockquote>\n<p>Ser\u00e1 un espacio para la identificaci\u00f3n de las ofertas y demandas, realizar procesos de b\u00fasqueda y apoyar el intercambio de conocimientos regional y global, con el fin de facilitar nuevas asociaciones que act\u00faa como un intermediario entre el oferente y receptor.<\/p>\n<p><strong>Objetivos<\/strong>Desarrollar y consolidar el CViS3 como un punto de referencia del intercambio de conocimientos para sistematizar y difundir experiencias exitosas, metodolog\u00edas y lecciones aprendidas en desarrollo territorial por las instituciones y los actores locales en ALC, a trav\u00e9s de la cooperaci\u00f3n sur-sur y la cooperaci\u00f3n triangular<\/p>\n<p><strong>\u00a0<\/strong><strong>Objetivos espec\u00edficos<\/strong><\/p>\n<ul>\n<li>Promover los intercambios virtuales, el an\u00e1lisis de fortalezas, oportunidades y desaf\u00edos con el fin de promover nuevos mecanismos y el intercambio de conocimientos a trav\u00e9s de la CSS y CT.<\/li>\n<li>Proporcionar la visibilidad y la inserci\u00f3n del CViS3 dentro del amplio marco institucional del PNUD a nivel global, aumentando su potencial para nuevas asociaciones y recursos.<\/li>\n<li>Intensificar el di\u00e1logo con los actores de la cooperaci\u00f3n internacional (descentralizada, triangular) para promover la innovaci\u00f3n y el intercambio de experiencias de igual a igual y las modalidades de cooperaci\u00f3n horizontal.<\/li>\n<li>Incentivar y facilitar la creaci\u00f3n de comunidades de pr\u00e1cticas (CdP) en la red de actores locales, regionales e instituciones vinculados al desarrollo y territorial, con el objetivo de impulsar el intercambio de experiencias, metodolog\u00edas y estimular el intercambio de saberes sur-sur.<\/li>\n<\/ul>\n<p><strong>\u00a0<\/strong><strong>Acciones destinadas<\/strong><\/p>\n<p>A desarrollar el liderazgo de pensamientos para opciones de pol\u00edticas del desarrollo local integrado, bas\u00e1ndose en los conocimientos de los asociados para el desarrollo pertinentes y sus soluciones, incluyendo los del Sur;<\/p>\n<p>Apoyar el intercambio de conocimientos Sur-Sur y la cooperaci\u00f3n triangular a trav\u00e9s de la puesta en com\u00fan de los resultados basados en la evidencia y experiencias de la iniciativa, con el objetivo de lograr un impacto a nivel regional y global.<\/p>\n<p><strong>En general, este proyecto pretende demostrar c\u00f3mo las diversas modalidades de cooperaci\u00f3n para el desarrollo, la AOD, la movilizaci\u00f3n de recursos internos, la cooperaci\u00f3n triangular Sur-Sur y se pueden complementar con eficacia dentro de una iniciativa de desarrollo y proporcionar\u00e1n pruebas sustantivas para informar a la aplicaci\u00f3n de la Agenda 2030.<\/strong><\/p>\n","protected":false},"excerpt":{"rendered":"<p>Un conjunto de instituciones que impulsan o dirigen programas y proyectos que se orientan\u00a0 a promover el \u201cdesarrollo humano local, integrado y sostenible, desarrollando sinergias positivas entre los municipios de las ciudades urbanas y rurales para reducir la pobreza en la regi\u00f3n a trav\u00e9s del desarrollo de capacidades productivas de\u2026<\/p>\n<p> <a class=\"continue-reading-link\" href=\"https:\/\/cvis3.cebem.org\/?page_id=4\"><span>Continuar leyendo<\/span><i class=\"crycon-right-dir\"><\/i><\/a> <\/p>\n","protected":false},"author":1,"featured_media":0,"parent":0,"menu_order":1,"comment_status":"closed","ping_status":"closed","template":"","meta":[],"jetpack_sharing_enabled":false,"jetpack-related-posts":[],"_links":{"self":[{"href":"https:\/\/cvis3.cebem.org\/index.php?rest_route=\/wp\/v2\/pages\/4"}],"collection":[{"href":"https:\/\/cvis3.cebem.org\/index.php?rest_route=\/wp\/v2\/pages"}],"about":[{"href":"https:\/\/cvis3.cebem.org\/index.php?rest_route=\/wp\/v2\/types\/page"}],"author":[{"embeddable":true,"href":"https:\/\/cvis3.cebem.org\/index.php?rest_route=\/wp\/v2\/users\/1"}],"replies":[{"embeddable":true,"href":"https:\/\/cvis3.cebem.org\/index.php?rest_route=%2Fwp%2Fv2%2Fcomments&post=4"}],"version-history":[{"count":10,"href":"https:\/\/cvis3.cebem.org\/index.php?rest_route=\/wp\/v2\/pages\/4\/revisions"}],"predecessor-version":[{"id":280,"href":"https:\/\/cvis3.cebem.org\/index.php?rest_route=\/wp\/v2\/pages\/4\/revisions\/280"}],"wp:attachment":[{"href":"https:\/\/cvis3.cebem.org\/index.php?rest_route=%2Fwp%2Fv2%2Fmedia&parent=4"}],"curies":[{"name":"wp","href":"https:\/\/api.w.org\/{rel}","templated":true}]}}