{"id":43,"date":"2016-08-05T15:25:44","date_gmt":"2016-08-05T19:25:44","guid":{"rendered":"http:\/\/cvis3.cebem.org\/?page_id=43"},"modified":"2016-09-27T16:57:55","modified_gmt":"2016-09-27T20:57:55","slug":"programa-semaul","status":"publish","type":"page","link":"https:\/\/cvis3.cebem.org\/?page_id=43","title":{"rendered":"Programa SAEMAUL"},"content":{"rendered":"<p>El Centro pone especial atenci\u00f3n a la implementaci\u00f3n de la metodolog\u00eda SAEMAUL UNDONG <strong><a href=\"https:\/\/art.pnud.bo\/category\/koica\/\" target=\"_blank\">Nueva Comunidad<\/a><\/strong>\u00a0 en Bolivia y otros pa\u00edses.<\/p>\n<p>La experiencia de la Rep\u00fablica de Corea en la promoci\u00f3n de la cooperaci\u00f3n Sur-Sur y Triangular ha permitido acumular un conocimiento global sobre las formas en que\u00a0las comunidades ha incidido en la reducci\u00f3n de la pobreza, mediante el aprendizaje de sus propias experiencias.\u00a0 Este movimiento, implantado en varios pa\u00edses, ha sido reconocido por la UNESCO\u00a0como un conocimiento de valor universal.\u00a0El Movimiento Nueva Comunidad, ya es un Patrimonio documental propuesto por la Rep\u00fablica de Corea y recomendado para su inclusi\u00f3n en el Registro de la Memoria del Mundo en 2013.<\/p>\n<p>El Movimiento \u201cSaemaul\u201d (<strong><a href=\"http:\/\/www.economia.gov.py\/v2\/sistema\/files\/files\/Movimiento%20salarial-20120418-120909.pdf\" target=\"_blank\">La Nueva Villa<\/a><\/strong>), es un buen ejemplo y referencia del desarrollo regional y con este movimiento la evidencia emp\u00edrica muestra que la iniciativa debe provenir de la regi\u00f3n y no del gobierno central. Cuando la iniciativa viene del gobierno, las consecuencias ser\u00e1n en muchos casos una ineficiente asignaci\u00f3n de recursos, porque la distancia geogr\u00e1fica de la capital con respecto a las zonas rurales evidencia que las autoridades se hallan lejos de comprender cuales son las necesidades de la comunidad.<\/p>\n","protected":false},"excerpt":{"rendered":"<p>El Centro pone especial atenci\u00f3n a la implementaci\u00f3n de la metodolog\u00eda SAEMAUL UNDONG Nueva Comunidad\u00a0 en Bolivia y otros pa\u00edses. La experiencia de la Rep\u00fablica de Corea en la promoci\u00f3n de la cooperaci\u00f3n Sur-Sur y Triangular ha permitido acumular un conocimiento global sobre las formas en que\u00a0las comunidades ha incidido\u2026<\/p>\n<p> <a class=\"continue-reading-link\" href=\"https:\/\/cvis3.cebem.org\/?page_id=43\"><span>Continuar leyendo<\/span><i class=\"crycon-right-dir\"><\/i><\/a> <\/p>\n","protected":false},"author":1,"featured_media":0,"parent":4,"menu_order":1,"comment_status":"closed","ping_status":"closed","template":"","meta":[],"jetpack_sharing_enabled":false,"jetpack-related-posts":[],"_links":{"self":[{"href":"https:\/\/cvis3.cebem.org\/index.php?rest_route=\/wp\/v2\/pages\/43"}],"collection":[{"href":"https:\/\/cvis3.cebem.org\/index.php?rest_route=\/wp\/v2\/pages"}],"about":[{"href":"https:\/\/cvis3.cebem.org\/index.php?rest_route=\/wp\/v2\/types\/page"}],"author":[{"embeddable":true,"href":"https:\/\/cvis3.cebem.org\/index.php?rest_route=\/wp\/v2\/users\/1"}],"replies":[{"embeddable":true,"href":"https:\/\/cvis3.cebem.org\/index.php?rest_route=%2Fwp%2Fv2%2Fcomments&post=43"}],"version-history":[{"count":12,"href":"https:\/\/cvis3.cebem.org\/index.php?rest_route=\/wp\/v2\/pages\/43\/revisions"}],"predecessor-version":[{"id":330,"href":"https:\/\/cvis3.cebem.org\/index.php?rest_route=\/wp\/v2\/pages\/43\/revisions\/330"}],"up":[{"embeddable":true,"href":"https:\/\/cvis3.cebem.org\/index.php?rest_route=\/wp\/v2\/pages\/4"}],"wp:attachment":[{"href":"https:\/\/cvis3.cebem.org\/index.php?rest_route=%2Fwp%2Fv2%2Fmedia&parent=43"}],"curies":[{"name":"wp","href":"https:\/\/api.w.org\/{rel}","templated":true}]}}