{"id":55,"date":"2016-08-05T15:52:39","date_gmt":"2016-08-05T19:52:39","guid":{"rendered":"http:\/\/cvis3.cebem.org\/?page_id=55"},"modified":"2017-11-03T10:45:46","modified_gmt":"2017-11-03T14:45:46","slug":"sobre-centro-regional-2","status":"publish","type":"page","link":"https:\/\/cvis3.cebem.org\/?page_id=55","title":{"rendered":"El Centro Regional"},"content":{"rendered":"<p>En su segundo a\u00f1o el Centro Virtual de Excelencia continua facilitando di\u00e1logos entre actores del desarrollo territorial, con el \u00e9nfasis en la consolidaci\u00f3n de su membres\u00eda y su proyecci\u00f3n a formar redes de cooperaci\u00f3n entre instituciones y actores del desarrollo.<\/p>\n<p><!--more--><\/p>\n<p>En la constituci\u00f3n de Centro Virtual para el intercambio de saberes Sur-Sur en Desarrollo Territorial para Am\u00e9rica Latina y el Caribe, el <strong><a href=\"http:\/\/cebem.org\/\" target=\"_blank\" rel=\"noopener\">CEBEM<\/a><\/strong>\u00a0 ha sido\u00a0invitado a poner su experiencia,\u00a0prestigio y trayectoria tem\u00e1tica en el desarrollo de redes, acompa\u00f1ando <strong>la co-creaci\u00f3n y la facilitaci\u00f3n del mismo<\/strong>, en alianza con el Centro Regional para Am\u00e9rica Latina y el Caribe del programa de las Naciones Unidas para el Desarrollo con sede en Panam\u00e1 <strong><a href=\"http:\/\/www.latinamerica.undp.org\/content\/rblac\/es\/home\/operations\/undp-regional-center-in-panama.html\" target=\"_blank\" rel=\"noopener\">RSC\/LAC<\/a><\/strong>, a trav\u00e9s de la Unidad de Cooperaci\u00f3n Sur-Sur\/CORE, y el \u00e1rea de Gobernabilidad y construcci\u00f3n de Paz RSC\/LAC.<\/p>\n<p><span style=\"color: #020080;\"><em>Saemaul, comprende por centros de excelencia instituciones encargadas de la recopilaci\u00f3n y el intercambio de conocimientos e innovaciones en las pol\u00edticas locales para compartir a nivel regional y global. De este modo, en el modelo ISNC, se establecer\u00e1n centros regionales de excelencia para recoger y procesar las experiencias locales para alimentar agenda pol\u00edtica. Estos no son nuevas instituciones, sino alianzas con instituciones existentes que hayan acumulado conocimiento en el \u00e1rea de desarrollo local,\u00a0 erradicaci\u00f3n de la pobreza y\u00a0 desarrollo sostenible.<\/em><\/span><\/p>\n<p>El CEBEM ha asumido el inicio del Centro iniciando los\u00a0contactos para construir el coraz\u00f3n generador del mismo, conjuntamente con otras instituciones como el <strong><a href=\"http:\/\/claeh.edu.uy\/v2\/\" target=\"_blank\" rel=\"noopener\">CLAEH <\/a><\/strong>de Uruguay y otras que se pueden adherir en el transcurso de su implementaci\u00f3n.\u00a0 Los tres incorporar\u00e1n a otros que puedan apoyar las tareas de coordinaci\u00f3n y las iniciativas que se vayan descubriendo necesarias.<\/p>\n<p>&nbsp;<\/p>\n<p>&nbsp;<\/p>\n","protected":false},"excerpt":{"rendered":"<p>En su segundo a\u00f1o el Centro Virtual de Excelencia continua facilitando di\u00e1logos entre actores del desarrollo territorial, con el \u00e9nfasis en la consolidaci\u00f3n de su membres\u00eda y su proyecci\u00f3n a formar redes de cooperaci\u00f3n entre instituciones y actores del desarrollo.<\/p>\n<p> <a class=\"continue-reading-link\" href=\"https:\/\/cvis3.cebem.org\/?page_id=55\"><span>Continuar leyendo<\/span><i class=\"crycon-right-dir\"><\/i><\/a> <\/p>\n","protected":false},"author":1,"featured_media":0,"parent":4,"menu_order":2,"comment_status":"closed","ping_status":"closed","template":"","meta":[],"jetpack_sharing_enabled":false,"jetpack-related-posts":[],"_links":{"self":[{"href":"https:\/\/cvis3.cebem.org\/index.php?rest_route=\/wp\/v2\/pages\/55"}],"collection":[{"href":"https:\/\/cvis3.cebem.org\/index.php?rest_route=\/wp\/v2\/pages"}],"about":[{"href":"https:\/\/cvis3.cebem.org\/index.php?rest_route=\/wp\/v2\/types\/page"}],"author":[{"embeddable":true,"href":"https:\/\/cvis3.cebem.org\/index.php?rest_route=\/wp\/v2\/users\/1"}],"replies":[{"embeddable":true,"href":"https:\/\/cvis3.cebem.org\/index.php?rest_route=%2Fwp%2Fv2%2Fcomments&post=55"}],"version-history":[{"count":18,"href":"https:\/\/cvis3.cebem.org\/index.php?rest_route=\/wp\/v2\/pages\/55\/revisions"}],"predecessor-version":[{"id":1155,"href":"https:\/\/cvis3.cebem.org\/index.php?rest_route=\/wp\/v2\/pages\/55\/revisions\/1155"}],"up":[{"embeddable":true,"href":"https:\/\/cvis3.cebem.org\/index.php?rest_route=\/wp\/v2\/pages\/4"}],"wp:attachment":[{"href":"https:\/\/cvis3.cebem.org\/index.php?rest_route=%2Fwp%2Fv2%2Fmedia&parent=55"}],"curies":[{"name":"wp","href":"https:\/\/api.w.org\/{rel}","templated":true}]}}