{"id":69,"date":"2016-08-05T16:01:11","date_gmt":"2016-08-05T16:01:11","guid":{"rendered":"http:\/\/cvis3.cebem.org\/?page_id=69"},"modified":"2017-01-16T12:27:43","modified_gmt":"2017-01-16T16:27:43","slug":"profesionales","status":"publish","type":"page","link":"https:\/\/cvis3.cebem.org\/?page_id=69","title":{"rendered":"Profesionales"},"content":{"rendered":"<p style=\"text-align: center;\">Las actividades del Centro se dirigen en primer lugar a las comunidades que en el intercambio de experiencias se benefician con la experiencia adquirida en\u00a0las buenas practicas y mediante el intercambio de sus bases y profesionales.<\/p>\n<p>En segundo lugar se benefician los profesionales que de forma directa o indirecta participan en el Programa mediante la sistematizaci\u00f3n de sus experiencias, las actividades de formaci\u00f3n y de colaboraci\u00f3n. \u00a0Un grupo creciente de t\u00e9cnicos y practicantes en\u00a0desarrollo local, lideres y autoridades locales,\u00a0conformando un conjunto que apostar\u00e1 por la calidad.<\/p>\n<p>El Centro ser\u00e1 una escuela de aprendizaje de excelencia:<\/p>\n<h3><strong>Miembros del Centro<\/strong><\/h3>\n<p>(A la fecha)<\/p>\n<table width=\"100%\">\n<tbody>\n<tr>\n<td>\n<table width=\"251\">\n<tbody>\n<tr>\n<td style=\"text-align: center; border: solid 1px #006699;\" width=\"101\"><strong>Pais<\/strong><\/td>\n<td style=\"text-align: center; border: solid 1px #006699;\" width=\"101\"><strong>Cantidad de inscritos<\/strong><\/td>\n<\/tr>\n<tr>\n<td style=\"border: solid 1px #006699;\" width=\"72\">Bolivia<\/td>\n<td style=\"border: 1px solid #006699; text-align: center;\" width=\"179\">219<\/td>\n<\/tr>\n<tr>\n<td style=\"border: solid 1px #006699;\">Per\u00fa<\/td>\n<td style=\"border: 1px solid #006699; text-align: center;\">34<\/td>\n<\/tr>\n<tr>\n<td style=\"border: solid 1px #006699;\">Ecuador<\/td>\n<td style=\"border: 1px solid #006699; text-align: center;\">17<\/td>\n<\/tr>\n<tr>\n<td style=\"border: solid 1px #006699;\">Argentina<\/td>\n<td style=\"border: 1px solid #006699; text-align: center;\">15<\/td>\n<\/tr>\n<tr>\n<td style=\"border: solid 1px #006699;\">Colombia<\/td>\n<td style=\"border: 1px solid #006699; text-align: center;\">11<\/td>\n<\/tr>\n<tr>\n<td style=\"border: solid 1px #006699;\">Brasil<\/td>\n<td style=\"border: 1px solid #006699; text-align: center;\">6<\/td>\n<\/tr>\n<tr>\n<td style=\"border: solid 1px #006699;\">Mexico<\/td>\n<td style=\"border: 1px solid #006699; text-align: center;\">3<\/td>\n<\/tr>\n<tr>\n<td style=\"border: solid 1px #006699;\">Venezuela<\/td>\n<td style=\"border: 1px solid #006699; text-align: center;\">3<\/td>\n<\/tr>\n<tr>\n<td style=\"border: solid 1px #006699;\">M\u00e9xico<\/td>\n<td style=\"border: 1px solid #006699; text-align: center;\">3<\/td>\n<\/tr>\n<tr>\n<td style=\"border: solid 1px #006699;\">Costa Rica<\/td>\n<td style=\"border: 1px solid #006699; text-align: center;\">3<\/td>\n<\/tr>\n<tr>\n<td style=\"border: solid 1px #006699;\">Honduras<\/td>\n<td style=\"border: 1px solid #006699; text-align: center;\">3<\/td>\n<\/tr>\n<tr>\n<td style=\"border: solid 1px #006699;\">Chile<\/td>\n<td style=\"border: 1px solid #006699; text-align: center;\">3<\/td>\n<\/tr>\n<tr>\n<td style=\"border: solid 1px #006699;\">Uruguay<\/td>\n<td style=\"border: 1px solid #006699; text-align: center;\">2<\/td>\n<\/tr>\n<tr>\n<td style=\"border: solid 1px #006699;\">Cuba<\/td>\n<td style=\"border: 1px solid #006699; text-align: center;\">1<\/td>\n<\/tr>\n<tr>\n<td style=\"border: solid 1px #006699;\">Panam\u00e1<\/td>\n<td style=\"border: 1px solid #006699; text-align: center;\">1<\/td>\n<\/tr>\n<tr>\n<td style=\"border: solid 1px #006699;\">Guatemala<\/td>\n<td style=\"border: 1px solid #006699; text-align: center;\">1<\/td>\n<\/tr>\n<tr>\n<td style=\"border: solid 1px #006699;\">El Salvador<\/td>\n<td style=\"border: 1px solid #006699; text-align: center;\">1<\/td>\n<\/tr>\n<\/tbody>\n<\/table>\n<\/td>\n<td><a href=\"https:\/\/i0.wp.com\/cvis3.cebem.org\/wp-content\/uploads\/2016\/08\/grafica_miembros.jpg?ssl=1\" target=\"_blank\"><img data-attachment-id=\"965\" data-permalink=\"https:\/\/cvis3.cebem.org\/?attachment_id=965\" data-orig-file=\"https:\/\/i0.wp.com\/cvis3.cebem.org\/wp-content\/uploads\/2016\/08\/grafica_miembros.jpg?fit=1194%2C742&amp;ssl=1\" data-orig-size=\"1194,742\" data-comments-opened=\"1\" data-image-meta=\"{&quot;aperture&quot;:&quot;0&quot;,&quot;credit&quot;:&quot;&quot;,&quot;camera&quot;:&quot;&quot;,&quot;caption&quot;:&quot;&quot;,&quot;created_timestamp&quot;:&quot;0&quot;,&quot;copyright&quot;:&quot;&quot;,&quot;focal_length&quot;:&quot;0&quot;,&quot;iso&quot;:&quot;0&quot;,&quot;shutter_speed&quot;:&quot;0&quot;,&quot;title&quot;:&quot;&quot;,&quot;orientation&quot;:&quot;0&quot;}\" data-image-title=\"grafica_miembros\" data-image-description=\"\" data-image-caption=\"\" data-medium-file=\"https:\/\/i0.wp.com\/cvis3.cebem.org\/wp-content\/uploads\/2016\/08\/grafica_miembros.jpg?fit=300%2C186&amp;ssl=1\" data-large-file=\"https:\/\/i0.wp.com\/cvis3.cebem.org\/wp-content\/uploads\/2016\/08\/grafica_miembros.jpg?fit=900%2C559&amp;ssl=1\" loading=\"lazy\" class=\"aligncenter wp-image-965 size-medium\" src=\"https:\/\/i0.wp.com\/cvis3.cebem.org\/wp-content\/uploads\/2016\/08\/grafica_miembros.jpg?resize=300%2C186&#038;ssl=1\" width=\"300\" height=\"186\" srcset=\"https:\/\/i0.wp.com\/cvis3.cebem.org\/wp-content\/uploads\/2016\/08\/grafica_miembros.jpg?resize=300%2C186&amp;ssl=1 300w, https:\/\/i0.wp.com\/cvis3.cebem.org\/wp-content\/uploads\/2016\/08\/grafica_miembros.jpg?resize=768%2C477&amp;ssl=1 768w, https:\/\/i0.wp.com\/cvis3.cebem.org\/wp-content\/uploads\/2016\/08\/grafica_miembros.jpg?resize=1024%2C636&amp;ssl=1 1024w, https:\/\/i0.wp.com\/cvis3.cebem.org\/wp-content\/uploads\/2016\/08\/grafica_miembros.jpg?resize=600%2C373&amp;ssl=1 600w, https:\/\/i0.wp.com\/cvis3.cebem.org\/wp-content\/uploads\/2016\/08\/grafica_miembros.jpg?resize=241%2C150&amp;ssl=1 241w, https:\/\/i0.wp.com\/cvis3.cebem.org\/wp-content\/uploads\/2016\/08\/grafica_miembros.jpg?resize=150%2C93&amp;ssl=1 150w, https:\/\/i0.wp.com\/cvis3.cebem.org\/wp-content\/uploads\/2016\/08\/grafica_miembros.jpg?w=1194&amp;ssl=1 1194w\" sizes=\"(max-width: 300px) 100vw, 300px\" data-recalc-dims=\"1\" \/><\/a><\/td>\n<\/tr>\n<\/tbody>\n<\/table>\n<h4><a href=\"https:\/\/cvis3.cebem.org\/wp-content\/uploads\/2016\/08\/Lista-Total-de-Personas-Interesadas-en-el-Centro-11-2017.pdf\" target=\"_blank\">\u2192 DESCARGAR lista completa de miembros<\/a><\/h4>\n<p>&nbsp;<\/p>\n","protected":false},"excerpt":{"rendered":"<p>Las actividades del Centro se dirigen en primer lugar a las comunidades que en el intercambio de experiencias se benefician con la experiencia adquirida en\u00a0las buenas practicas y mediante el intercambio de sus bases y profesionales. En segundo lugar se benefician los profesionales que de forma directa o indirecta participan\u2026<\/p>\n<p> <a class=\"continue-reading-link\" href=\"https:\/\/cvis3.cebem.org\/?page_id=69\"><span>Continuar leyendo<\/span><i class=\"crycon-right-dir\"><\/i><\/a> <\/p>\n","protected":false},"author":1,"featured_media":0,"parent":6,"menu_order":0,"comment_status":"closed","ping_status":"closed","template":"","meta":[],"jetpack_sharing_enabled":false,"jetpack-related-posts":[],"_links":{"self":[{"href":"https:\/\/cvis3.cebem.org\/index.php?rest_route=\/wp\/v2\/pages\/69"}],"collection":[{"href":"https:\/\/cvis3.cebem.org\/index.php?rest_route=\/wp\/v2\/pages"}],"about":[{"href":"https:\/\/cvis3.cebem.org\/index.php?rest_route=\/wp\/v2\/types\/page"}],"author":[{"embeddable":true,"href":"https:\/\/cvis3.cebem.org\/index.php?rest_route=\/wp\/v2\/users\/1"}],"replies":[{"embeddable":true,"href":"https:\/\/cvis3.cebem.org\/index.php?rest_route=%2Fwp%2Fv2%2Fcomments&post=69"}],"version-history":[{"count":28,"href":"https:\/\/cvis3.cebem.org\/index.php?rest_route=\/wp\/v2\/pages\/69\/revisions"}],"predecessor-version":[{"id":977,"href":"https:\/\/cvis3.cebem.org\/index.php?rest_route=\/wp\/v2\/pages\/69\/revisions\/977"}],"up":[{"embeddable":true,"href":"https:\/\/cvis3.cebem.org\/index.php?rest_route=\/wp\/v2\/pages\/6"}],"wp:attachment":[{"href":"https:\/\/cvis3.cebem.org\/index.php?rest_route=%2Fwp%2Fv2%2Fmedia&parent=69"}],"curies":[{"name":"wp","href":"https:\/\/api.w.org\/{rel}","templated":true}]}}