{"id":73,"date":"2016-08-05T16:04:01","date_gmt":"2016-08-05T20:04:01","guid":{"rendered":"http:\/\/cvis3.cebem.org\/?page_id=73"},"modified":"2016-12-13T11:20:58","modified_gmt":"2016-12-13T15:20:58","slug":"programas-por-paises","status":"publish","type":"page","link":"https:\/\/cvis3.cebem.org\/?page_id=73","title":{"rendered":"Iniciativas &#8211; Proyectos"},"content":{"rendered":"<p><span lang=\"ES-BO\">Podr\u00e1n compartir \u201cavances en la identificaci\u00f3n y recopilaci\u00f3n de conocimientos sobre el desarrollo local de las mejores pr\u00e1cticas de experiencias anteriores que puedan ser ampliadas dentro de la regi\u00f3n y m\u00e1s all\u00e1, mientras que la exploraci\u00f3n de opciones para establecer \/ enlace con centros de excelencia en sus respectivas regiones\u201d.<\/span><\/p>\n<p style=\"text-align: center;\"><span lang=\"ES-BO\">Los pa\u00edses de Al y el Caribe, en dialogo global con pa\u00edses de As\u00eda y Africa en los que existen programas:<br \/>\nBolivia, Rep\u00fablica Democr\u00e1tica Popular Laos, Myanmar, Ruanda, Uganda y Viet Nam.<\/span><\/p>\n<p><strong>La cooperaci\u00f3n Sur-Sur en las bases<\/strong><\/p>\n<p>A diferencia de la cooperaci\u00f3n Sur-Sur que opera mediante convenios pa\u00eds-pa\u00eds, se privilegiar\u00e1 en el Centro las formas mas desconcentradas y operadas en el nivel de la comunidad. La CSS y la CT ser\u00e1n escenarios generales de cooperaci\u00f3n que servir\u00e1n como marco de pol\u00edticas y programas globales a las iniciativas locales.<\/p>\n<p>Existen grandes deferencias entre situaciones comunitarias e institucionales que ameritan el desarrollo de campos de acci\u00f3n expl\u00edcitos dirigidos a acortar las diferencias: comunidades mas pobres y aisladas, instituciones peque\u00f1as, iniciativas con pocos recursos de entorno favorable. \u00a0Se localizar\u00e1 este mundo\u00a0marginado en el que tambi\u00e9n se encuentras experiencias y emprendimientos de gran valor pero poco conocidos.<\/p>\n<p>&nbsp;<\/p>\n","protected":false},"excerpt":{"rendered":"<p>Podr\u00e1n compartir \u201cavances en la identificaci\u00f3n y recopilaci\u00f3n de conocimientos sobre el desarrollo local de las mejores pr\u00e1cticas de experiencias anteriores que puedan ser ampliadas dentro de la regi\u00f3n y m\u00e1s all\u00e1, mientras que la exploraci\u00f3n de opciones para establecer \/ enlace con centros de excelencia en sus respectivas regiones\u201d.\u2026<\/p>\n<p> <a class=\"continue-reading-link\" href=\"https:\/\/cvis3.cebem.org\/?page_id=73\"><span>Continuar leyendo<\/span><i class=\"crycon-right-dir\"><\/i><\/a> <\/p>\n","protected":false},"author":1,"featured_media":0,"parent":0,"menu_order":3,"comment_status":"closed","ping_status":"closed","template":"","meta":[],"jetpack_sharing_enabled":false,"jetpack-related-posts":[],"_links":{"self":[{"href":"https:\/\/cvis3.cebem.org\/index.php?rest_route=\/wp\/v2\/pages\/73"}],"collection":[{"href":"https:\/\/cvis3.cebem.org\/index.php?rest_route=\/wp\/v2\/pages"}],"about":[{"href":"https:\/\/cvis3.cebem.org\/index.php?rest_route=\/wp\/v2\/types\/page"}],"author":[{"embeddable":true,"href":"https:\/\/cvis3.cebem.org\/index.php?rest_route=\/wp\/v2\/users\/1"}],"replies":[{"embeddable":true,"href":"https:\/\/cvis3.cebem.org\/index.php?rest_route=%2Fwp%2Fv2%2Fcomments&post=73"}],"version-history":[{"count":14,"href":"https:\/\/cvis3.cebem.org\/index.php?rest_route=\/wp\/v2\/pages\/73\/revisions"}],"predecessor-version":[{"id":868,"href":"https:\/\/cvis3.cebem.org\/index.php?rest_route=\/wp\/v2\/pages\/73\/revisions\/868"}],"wp:attachment":[{"href":"https:\/\/cvis3.cebem.org\/index.php?rest_route=%2Fwp%2Fv2%2Fmedia&parent=73"}],"curies":[{"name":"wp","href":"https:\/\/api.w.org\/{rel}","templated":true}]}}