{"id":8,"date":"2016-08-03T19:32:21","date_gmt":"2016-08-03T19:32:21","guid":{"rendered":"http:\/\/cvis3.cebem.org\/?page_id=8"},"modified":"2017-01-27T11:00:55","modified_gmt":"2017-01-27T15:00:55","slug":"comunidades-de-practica","status":"publish","type":"page","link":"https:\/\/cvis3.cebem.org\/?page_id=8","title":{"rendered":"Comunidades"},"content":{"rendered":"<p>Una de las herramientas de intercambio y construcci\u00f3n colectiva son las Comunidades de Practicas (CdP)<\/p>\n<p>La plataforma facilitar\u00e1 el encuentro entre grupos de inter\u00e9s tem\u00e1ticos.\u00a0 Para ello proponemos monitorear y estructurar el espacio para la construcci\u00f3n de CdP.<\/p>\n<p>La Comunidad de Pr\u00e1cticas<\/p>\n<p>Un grupo de personas, relacionadas con un tema de inter\u00e9s com\u00fan se organiza de forma voluntaria, permanente y\/o peri\u00f3dica y con el prop\u00f3sito de sumar energ\u00edas para lograr el objetivo com\u00fan en relaci\u00f3n con el tema que los re\u00fane.<\/p>\n<p>Es un \u00abGrupo de Protagonistas\u00bb, u otro nombre propio que se le quiera proponer para identificarse mejor entre los miembros. Todos ellos tienen en com\u00fan un proyecto o actividad concreta, ya sea un campo de acci\u00f3n en un territorio o una acci\u00f3n de tipo sectorial.\u00a0 Todos pueden estar interesados ya sea como actores directos, como interesados en sus resultados, como aliados, como apoyo, como financiadores, como agentes de desarrollo p\u00fablicos o privados que pueden estar interesados.\u00a0 Todo ellos tienen un objetivo de aprendizaje en lo que se puede o no se debe hacer, pensando en su replicabilidad.<\/p>\n<p>El grupo tiene un \u00abdominio\u00bb o lo que es igual, <strong>un campo de acci\u00f3n <\/strong>en torno al cual se organizan diferentes actores como \u00abprotagonistas\u00bb, \u00abimpulsores\u00bb, \u00abfacilitadores\u00bb, etc.\u00a0 Ejemplo: un grupo de profesionales conforman un grupo que trabaja conjuntamente en el tema del turismo rural, en el desarrollo de un tema productivo, cultural, comunicacional, de gesti\u00f3n, etc.<\/p>\n<p>Una Comunidades de Practicas se puede constituir a nivel local; a nivel pa\u00eds o a nivel regional. Ello depende del tema que re\u00fane a los diferentes actores que la constituyen.<\/p>\n<p>Una Comunidad de Pr\u00e1ctica se puede constituir por un periodo variable de tiempo: permanente o por tiempo limitado al cumplimiento de alg\u00fan objetivo.<\/p>\n<p>El Centro proporcionar\u00e1 apoyo te\u00f3rico y metodol\u00f3gico para su constituci\u00f3n y funcionamiento. \u00a0El Centro facilitar\u00e1 tambi\u00e9n las herramientas y el espacio en la plataforma para su constituci\u00f3n, trabajo y visibilidad.<\/p>\n<p><strong>documento:<\/strong> <a href=\"https:\/\/cvis3.cebem.org\/wp-content\/uploads\/2016\/08\/CdP-Procedimiento-de-trabajo.pdf\" target=\"_blank\">CdP &#8211; Procedimiento de trabajo<\/a><\/p>\n<h2><a href=\"https:\/\/cvis3.cebem.org\/?page_id=889\"><strong>Ordenamiento territorial<\/strong><\/a><\/h2>\n<p>En esta comunidad est\u00e1n interesadas varias instituciones que est\u00e1n llevando a cabo actividades que ameritan un dialogo entre ellas. \u00a0Esta en formaci\u00f3n por lo que en tiempo breve desarrollar\u00e1n un plan de acci\u00f3n conjunto:<\/p>\n<p>Intercambio de documentos<\/p>\n<p>Programaci\u00f3n de actividades de dialogo: foros o blogs<\/p>\n<p>Otras a definir<\/p>\n<p>&nbsp;<\/p>\n<h2><a href=\"https:\/\/cvis3.cebem.org\/?page_id=900\"><strong>Turismo Comunitario<\/strong><\/a><\/h2>\n<p>Varias instituciones consideran que el turismo comunitario es un escenario apropiado para el impulso de econom\u00edas de desarrollo local con altas oportunidades de inclusi\u00f3n social y econ\u00f3mica. \u00a0La revalorizaci\u00f3n de la cultura y la participaci\u00f3n de las riquezas paisajisticas o monumentos hist\u00f3ricos, patrimonio vivo de los pueblos entre muchos otros objetos tur\u00edsticos, es el objeto o materia en torno al que se congregan estas instituciones.<\/p>\n<p>Un objetivo central es el de discernir las formas de organizaci\u00f3n para la gesti\u00f3n del turismo comunitario que por su naturaleza no suele ser turismo masivo, sino selectivo y con el que las instituciones pueden intercambiar al tiempo que obtienes recursos que pueden muy bien ser alternativas para que las nuevas generaciones que egresan de los colegios se integren el en desarrollo de sus comunidades al mismo tiempo que se conectan e interact\u00faan con gentes de otras latitudes.<\/p>\n<p>&nbsp;<\/p>\n<h2><a href=\"https:\/\/cvis3.cebem.org\/?page_id=902\"><strong>Medio Ambiente y Agua<\/strong><\/a><\/h2>\n<p>Varios proyecto se han relacionado, aunque muy inicialmente con este tema \u00edntimamente relacionado con la vida y el buen vivir de las comunidades.<\/p>\n<p>Sin dejar de lado las visiones globales y estrat\u00e9gicas, las comunidades est\u00e1n involucradas en el desarrollo de mejores condiciones de vida por lo que el lugar de la comunidad adquiere una prioridad fundamental. Es el patrimonio de mayor valor para su traspaso a las futuras generaciones.<\/p>\n<p>En cada caso este tema adquiere dimensiones diferentes: comunidades castigadas por las actividades extractivistas<\/p>\n<p>&nbsp;<\/p>\n<h2><a href=\"https:\/\/cvis3.cebem.org\/?page_id=259\"><strong>Metodolog\u00edas de sistematizaci\u00f3n<\/strong><\/a><\/h2>\n<p>Las practicas de sistematizaci\u00f3n son poco frecuentes en los proyectos e iniciativas pero son una herramienta importante en el proceso de aprendizaje personal, de grupo, de la comunidad y para el intercambio entre iniciativas.<\/p>\n<p>La comunidad intercambiar\u00e1 el uso de las metodolog\u00edas y su adecuaci\u00f3n a las condiciones sociales y culturales. As\u00ed mismo tratar\u00e1 de discutir y mostrar las diferentes formas como estas practicas y herramientas alimentan las estrategias de difusi\u00f3n y comunicaci\u00f3n. \u00a0Son excelentes medios para discutir sobre lecciones aprendidas a un nivel superior del local.<\/p>\n<p>Informaci\u00f3n general:<\/p>\n<ul>\n<li>Alcance geogr\u00e1fico.<\/li>\n<li>Explicaci\u00f3n de la tem\u00e1tica.<\/li>\n<li>Objetivos.<\/li>\n<li>Caracter\u00edsticas de los componentes.<\/li>\n<li>Estructura organizativa de la CdP.<\/li>\n<\/ul>\n<p>Dependiendo del \u00e1rea tem\u00e1tica y del nivel de desarrollo de cada experiencia, o proyecto, se proporcionar\u00e1 una ficha de trabajo, que facilite la sistematizaci\u00f3n. \u00a0Se procurar\u00e1 utilizar los modelos utilizados por \u00a0PNUD.<\/p>\n<p>Al comienzo del Programa, un curso \u00a0introductorio On Line capacitar\u00e1 a los participantes en la identificaci\u00f3n y en el uso de metodolog\u00edas de sistematizaci\u00f3n, con objetivos de compartir y difundir sus experiencia. \u00a0El curso servir\u00e1 para identificar aquellos proyectos que sean m\u00e1s significativos y de mayor calidad o excelencia.<\/p>\n","protected":false},"excerpt":{"rendered":"<p>Una de las herramientas de intercambio y construcci\u00f3n colectiva son las Comunidades de Practicas (CdP) La plataforma facilitar\u00e1 el encuentro entre grupos de inter\u00e9s tem\u00e1ticos.\u00a0 Para ello proponemos monitorear y estructurar el espacio para la construcci\u00f3n de CdP. La Comunidad de Pr\u00e1cticas Un grupo de personas, relacionadas con un tema\u2026<\/p>\n<p> <a class=\"continue-reading-link\" href=\"https:\/\/cvis3.cebem.org\/?page_id=8\"><span>Continuar leyendo<\/span><i class=\"crycon-right-dir\"><\/i><\/a> <\/p>\n","protected":false},"author":3,"featured_media":0,"parent":0,"menu_order":4,"comment_status":"closed","ping_status":"closed","template":"","meta":[],"jetpack_sharing_enabled":false,"jetpack-related-posts":[],"_links":{"self":[{"href":"https:\/\/cvis3.cebem.org\/index.php?rest_route=\/wp\/v2\/pages\/8"}],"collection":[{"href":"https:\/\/cvis3.cebem.org\/index.php?rest_route=\/wp\/v2\/pages"}],"about":[{"href":"https:\/\/cvis3.cebem.org\/index.php?rest_route=\/wp\/v2\/types\/page"}],"author":[{"embeddable":true,"href":"https:\/\/cvis3.cebem.org\/index.php?rest_route=\/wp\/v2\/users\/3"}],"replies":[{"embeddable":true,"href":"https:\/\/cvis3.cebem.org\/index.php?rest_route=%2Fwp%2Fv2%2Fcomments&post=8"}],"version-history":[{"count":23,"href":"https:\/\/cvis3.cebem.org\/index.php?rest_route=\/wp\/v2\/pages\/8\/revisions"}],"predecessor-version":[{"id":996,"href":"https:\/\/cvis3.cebem.org\/index.php?rest_route=\/wp\/v2\/pages\/8\/revisions\/996"}],"wp:attachment":[{"href":"https:\/\/cvis3.cebem.org\/index.php?rest_route=%2Fwp%2Fv2%2Fmedia&parent=8"}],"curies":[{"name":"wp","href":"https:\/\/api.w.org\/{rel}","templated":true}]}}