{"id":902,"date":"2016-12-19T11:54:33","date_gmt":"2016-12-19T15:54:33","guid":{"rendered":"http:\/\/cvis3.cebem.org\/?page_id=902"},"modified":"2017-01-27T11:12:05","modified_gmt":"2017-01-27T15:12:05","slug":"medio-ambiente-y-agua","status":"publish","type":"page","link":"https:\/\/cvis3.cebem.org\/?page_id=902","title":{"rendered":"Medio Ambiente y Agua"},"content":{"rendered":"<h2><strong>Medio Ambiente y Agua<\/strong><\/h2>\n<p>Varios proyecto se han relacionado, aunque muy inicialmente con este tema \u00edntimamente relacionado con la vida y el buen vivir de las comunidades.<\/p>\n<p>Sin dejar de lado las visiones globales y estrat\u00e9gicas, las comunidades est\u00e1n involucradas en el desarrollo de mejores condiciones de vida por lo que el lugar de la comunidad adquiere una prioridad fundamental. Es el patrimonio de mayor valor para su traspaso a las futuras generaciones.<\/p>\n<p>En cada caso este tema adquiere dimensiones diferentes: comunidades castigadas por las actividades extractivistas.<\/p>\n<p>En varios lugares se est\u00e1 apoyando la conformaci\u00f3n de centros de excelencia en el tema de agua y varias organizaciones tratan de ellos.<\/p>\n<p>Desde el Viceministerio de Aguas se ha planteado el deseo de coordinaci\u00f3n. \u00a0Se organizar\u00e1n encuentros para lanzar una propuesta a la posible conformaci\u00f3n de una Comunidad en el tema.<\/p>\n<p><strong>Instituciones a\u00a0consultar<\/strong><\/p>\n<p>Proyecto RALCEA Red Latinoamericana de Centros de Conocimiento de Gesti\u00f3n de Recursos H\u00eddricos.\u00a0<a href=\"http:\/\/www.agualimpia.org\/proyectos_red.html\" target=\"_blank\">http:\/\/www.agualimpia.org\/proyectos_red.html<\/a><\/p>\n<p>El consorcio AGUALIMPIA CENTRUM forma parte de la red virtual de los Centros de Excelencia en el Sector del Agua en Am\u00e9rica Latina. \u00a0El Punto Focal del Estado Peruano est\u00e1 representado por la Autoridad Nacional del Agua ANA.<\/p>\n<p>La red esta pr\u00e1cticamente en todos los pa\u00edses. la plataforma se orientar\u00e1 a las experiencias locales en tem\u00e1ticas como capacitaci\u00f3n y organizaci\u00f3n participativa para el desarrollo local y calidad de vida.<\/p>\n","protected":false},"excerpt":{"rendered":"<p>Medio Ambiente y Agua Varios proyecto se han relacionado, aunque muy inicialmente con este tema \u00edntimamente relacionado con la vida y el buen vivir de las comunidades. Sin dejar de lado las visiones globales y estrat\u00e9gicas, las comunidades est\u00e1n involucradas en el desarrollo de mejores condiciones de vida por lo\u2026<\/p>\n<p> <a class=\"continue-reading-link\" href=\"https:\/\/cvis3.cebem.org\/?page_id=902\"><span>Continuar leyendo<\/span><i class=\"crycon-right-dir\"><\/i><\/a> <\/p>\n","protected":false},"author":5,"featured_media":0,"parent":0,"menu_order":0,"comment_status":"closed","ping_status":"closed","template":"","meta":[],"jetpack_sharing_enabled":true,"jetpack-related-posts":[],"_links":{"self":[{"href":"https:\/\/cvis3.cebem.org\/index.php?rest_route=\/wp\/v2\/pages\/902"}],"collection":[{"href":"https:\/\/cvis3.cebem.org\/index.php?rest_route=\/wp\/v2\/pages"}],"about":[{"href":"https:\/\/cvis3.cebem.org\/index.php?rest_route=\/wp\/v2\/types\/page"}],"author":[{"embeddable":true,"href":"https:\/\/cvis3.cebem.org\/index.php?rest_route=\/wp\/v2\/users\/5"}],"replies":[{"embeddable":true,"href":"https:\/\/cvis3.cebem.org\/index.php?rest_route=%2Fwp%2Fv2%2Fcomments&post=902"}],"version-history":[{"count":7,"href":"https:\/\/cvis3.cebem.org\/index.php?rest_route=\/wp\/v2\/pages\/902\/revisions"}],"predecessor-version":[{"id":999,"href":"https:\/\/cvis3.cebem.org\/index.php?rest_route=\/wp\/v2\/pages\/902\/revisions\/999"}],"wp:attachment":[{"href":"https:\/\/cvis3.cebem.org\/index.php?rest_route=%2Fwp%2Fv2%2Fmedia&parent=902"}],"curies":[{"name":"wp","href":"https:\/\/api.w.org\/{rel}","templated":true}]}}